{"id":114,"date":"2021-04-13T11:25:13","date_gmt":"2021-04-13T09:25:13","guid":{"rendered":"http:\/\/a2.arch.pk.edu.pl\/?page_id=114"},"modified":"2021-11-02T16:03:33","modified_gmt":"2021-11-02T15:03:33","slug":"s-r-temat-st-i-sem6","status":"publish","type":"page","link":"http:\/\/a2.arch.pk.edu.pl\/en\/zespol-architektury-sportu-i-rekreacji\/s-r-temat-st-i-sem6\/","title":{"rendered":"Projektowanie Arch.+Urb. II, Stopie\u0144 I, Semestr 6 - Prof.\u00a0T.\u00a0Kapecki - Sport i Rekreacja - Rok 2020\/21"},"content":{"rendered":"\n<p>Celem kursu semestralnego jest zaprojektowanie obiektu u\u017cyteczno\u015bci publicznej na podstawie jednego z dw\u00f3ch wybieralnych temat\u00f3w projektowych: Basenu Miejskiego lub Domu Wczasowego. Oba tematy zlokalizowane s\u0105 na tym samym terenie, a przedmiotowa dzia\u0142ka znajduje si\u0119 w Krynicy Zdroju, przy ulicy Czarny Potok. Przewidziana powierzchnia u\u017cytkowa obiekt\u00f3w to : oko\u0142o 1800m2 dla basenu oraz oko\u0142o 2800m2 dla domu wczasowego. Zakres opracowania obejmuje: analiz\u0119 miejsca, projekt zagospodarowania dzia\u0142ki, rzuty, przekroje, elewacje, detal, rysunek odr\u0119czny oraz opis techniczny. Celem kursu jest zdobycie i poszerzenie umiej\u0119tno\u015bci analizy problem\u00f3w \u015brodowiska obj\u0119tego tematem oraz projektowanie zespo\u0142\u00f3w i obiekt\u00f3w o \u015brednim stopniu z\u0142o\u017cono\u015bci funkcjonalnej.<\/p>\n\n\n\n<figure class=\"wp-block-image size-large\"><img loading=\"lazy\" decoding=\"async\" width=\"1920\" height=\"1080\" src=\"http:\/\/a2.arch.pk.edu.pl\/wp-content\/uploads\/2021\/04\/rok-3-semestr-6-widok2.jpg\" alt=\"\" class=\"wp-image-112\"\/><\/figure>\n\n\n\n<figure class=\"wp-block-image size-large\"><img loading=\"lazy\" decoding=\"async\" width=\"1920\" height=\"1080\" src=\"http:\/\/a2.arch.pk.edu.pl\/wp-content\/uploads\/2021\/04\/rok-3-semestr-6-widok1.jpg\" alt=\"\" class=\"wp-image-111\"\/><\/figure>\n","protected":false},"excerpt":{"rendered":"<p>Celem kursu semestralnego jest zaprojektowanie obiektu u\u017cyteczno\u015bci publicznej na podstawie jednego z dw\u00f3ch wybieralnych temat\u00f3w projektowych: Basenu Miejskiego lub Domu Wczasowego. Oba tematy zlokalizowane s\u0105&hellip;<\/p>\n","protected":false},"author":1,"featured_media":112,"parent":23,"menu_order":0,"comment_status":"closed","ping_status":"closed","template":"","meta":{"footnotes":""},"class_list":["post-114","page","type-page","status-publish","has-post-thumbnail","hentry"],"_links":{"self":[{"href":"http:\/\/a2.arch.pk.edu.pl\/en\/wp-json\/wp\/v2\/pages\/114","targetHints":{"allow":["GET"]}}],"collection":[{"href":"http:\/\/a2.arch.pk.edu.pl\/en\/wp-json\/wp\/v2\/pages"}],"about":[{"href":"http:\/\/a2.arch.pk.edu.pl\/en\/wp-json\/wp\/v2\/types\/page"}],"author":[{"embeddable":true,"href":"http:\/\/a2.arch.pk.edu.pl\/en\/wp-json\/wp\/v2\/users\/1"}],"replies":[{"embeddable":true,"href":"http:\/\/a2.arch.pk.edu.pl\/en\/wp-json\/wp\/v2\/comments?post=114"}],"version-history":[{"count":2,"href":"http:\/\/a2.arch.pk.edu.pl\/en\/wp-json\/wp\/v2\/pages\/114\/revisions"}],"predecessor-version":[{"id":1779,"href":"http:\/\/a2.arch.pk.edu.pl\/en\/wp-json\/wp\/v2\/pages\/114\/revisions\/1779"}],"up":[{"embeddable":true,"href":"http:\/\/a2.arch.pk.edu.pl\/en\/wp-json\/wp\/v2\/pages\/23"}],"wp:featuredmedia":[{"embeddable":true,"href":"http:\/\/a2.arch.pk.edu.pl\/en\/wp-json\/wp\/v2\/media\/112"}],"wp:attachment":[{"href":"http:\/\/a2.arch.pk.edu.pl\/en\/wp-json\/wp\/v2\/media?parent=114"}],"curies":[{"name":"wp","href":"https:\/\/api.w.org\/{rel}","templated":true}]}}