{"id":170,"date":"2021-04-19T15:33:38","date_gmt":"2021-04-19T13:33:38","guid":{"rendered":"http:\/\/a2.arch.pk.edu.pl\/?page_id=170"},"modified":"2021-10-19T15:43:34","modified_gmt":"2021-10-19T13:43:34","slug":"o-nas","status":"publish","type":"page","link":"http:\/\/a2.arch.pk.edu.pl\/en\/o-nas\/","title":{"rendered":"O nas"},"content":{"rendered":"\n<p>Katedra Architektury Miejsc Pracy, Sportu i Us\u0142ug powsta\u0142a w 2020 roku. Profil kszta\u0142cenia obejmuje modu\u0142 zaj\u0119\u0107 dotycz\u0105cych projektowania obiekt\u00f3w u\u017cyteczno\u015bci publicznej. Specjalizujemy si\u0119 w&nbsp;nauce projektowania budynk\u00f3w biurowych, produkcyjnych,&nbsp;obiekt\u00f3w&nbsp;sportowych, rekreacyjnych,&nbsp;budynk\u00f3w us\u0142ugowych oraz obiekt\u00f3w kultury i obiekt\u00f3w wielofunkcyjnych. Realizujemy \u0107wiczenia projektowe i wyk\u0142ady z teorii i zasad projektowania obiekt\u00f3w architektonicznych na 3 i 4 roku I stopnia oraz na 2 roku II stopnia. Prowadzimy projektowania dyplomowe po I i II stopniu oraz seminaria dyplomowe na II stopniu. Profesorowie naszej&nbsp;Katedry s\u0105 tak\u017ce promotorami prac doktorskich realizowanych w Szkole Doktorskiej Politechniki Krakowskiej. Prowadzimy tak\u017ce badania naukowe i us\u0142ugi komercyjne zwi\u0105zane z architektur\u0105.&nbsp;<\/p>\n\n\n\n<p>Wieloletnie praktyczne do\u015bwiadczenie wszystkich Pracownik\u00f3w to nasz niepodwa\u017calny atut a&nbsp;zdobyta wiedza jest kluczem do przysz\u0142ych sukces\u00f3w w nie\u0142atwym zawodzie architekta.&nbsp;<\/p>\n\n\n\n<p>Zapraszamy!<\/p>\n\n\n\n<p><font size=\"1\">Kierownik Katedry Architektury Miejsc Pracy, Sportu i Us\u0142ug&nbsp;<\/font><br>dr hab. in\u017c. arch. <strong><font size=\"2\">Tomasz Kapecki<\/font><\/strong>, prof. PK<\/p>\n\n\n\n<figure class=\"wp-block-image size-large\"><img loading=\"lazy\" decoding=\"async\" width=\"1200\" height=\"706\" src=\"http:\/\/a2.arch.pk.edu.pl\/wp-content\/uploads\/2021\/04\/2021-04-20_A_Irzyk.jpg\" alt=\"\" class=\"wp-image-245\"\/><\/figure>\n\n\n\n<p style=\"font-size:10px\">A. Irzyk, MUZEUM PAMI\u0118CI WIOSEK ZATOPIONYCH <br>DYPLOM Magisterski, rok 2019\/20&nbsp;<br>Promotor: dr hab. in\u017c. arch. Tomasz Kapecki, prof. PK<\/p>\n","protected":false},"excerpt":{"rendered":"<p>Katedra Architektury Miejsc Pracy, Sportu i Us\u0142ug powsta\u0142a w 2020 roku. Profil kszta\u0142cenia obejmuje modu\u0142 zaj\u0119\u0107 dotycz\u0105cych projektowania obiekt\u00f3w u\u017cyteczno\u015bci publicznej. Specjalizujemy si\u0119 w&nbsp;nauce projektowania&hellip;<\/p>\n","protected":false},"author":2,"featured_media":0,"parent":0,"menu_order":0,"comment_status":"closed","ping_status":"closed","template":"","meta":{"footnotes":""},"class_list":["post-170","page","type-page","status-publish","hentry"],"_links":{"self":[{"href":"http:\/\/a2.arch.pk.edu.pl\/en\/wp-json\/wp\/v2\/pages\/170","targetHints":{"allow":["GET"]}}],"collection":[{"href":"http:\/\/a2.arch.pk.edu.pl\/en\/wp-json\/wp\/v2\/pages"}],"about":[{"href":"http:\/\/a2.arch.pk.edu.pl\/en\/wp-json\/wp\/v2\/types\/page"}],"author":[{"embeddable":true,"href":"http:\/\/a2.arch.pk.edu.pl\/en\/wp-json\/wp\/v2\/users\/2"}],"replies":[{"embeddable":true,"href":"http:\/\/a2.arch.pk.edu.pl\/en\/wp-json\/wp\/v2\/comments?post=170"}],"version-history":[{"count":26,"href":"http:\/\/a2.arch.pk.edu.pl\/en\/wp-json\/wp\/v2\/pages\/170\/revisions"}],"predecessor-version":[{"id":6659,"href":"http:\/\/a2.arch.pk.edu.pl\/en\/wp-json\/wp\/v2\/pages\/170\/revisions\/6659"}],"wp:attachment":[{"href":"http:\/\/a2.arch.pk.edu.pl\/en\/wp-json\/wp\/v2\/media?parent=170"}],"curies":[{"name":"wp","href":"https:\/\/api.w.org\/{rel}","templated":true}]}}