{"id":171,"date":"2021-04-19T15:33:38","date_gmt":"2021-04-19T13:33:38","guid":{"rendered":"http:\/\/a2.arch.pk.edu.pl\/?page_id=171"},"modified":"2024-03-20T20:06:52","modified_gmt":"2024-03-20T19:06:52","slug":"zespol","status":"publish","type":"page","link":"http:\/\/a2.arch.pk.edu.pl\/en\/zespol\/","title":{"rendered":"Zesp\u00f3\u0142"},"content":{"rendered":"\n<div class=\"wp-block-columns is-layout-flex wp-container-core-columns-is-layout-1 wp-block-columns-is-layout-flex\">\n<div class=\"wp-block-column is-layout-flow wp-block-column-is-layout-flow\">\n<figure class=\"wp-block-image wp-image101\"><p><\/p><div class=\"text333\"><a href=\"http:\/\/a2.arch.pk.edu.pl\/zespol-tomasz-kapecki\">Kierownik&nbsp;Katedry<br>Dr&nbsp;hab. in\u017c.&nbsp;arch.<br><strong>Tomasz&nbsp;Kapecki<\/strong>, Prof.&nbsp;Pk<br>&nbsp;<br>tomasz.kapecki<br>@pk.edu.pl<br>vita &gt;&gt;&gt;<\/a><\/div><p><\/p><\/figure>\n<\/div>\n\n\n\n<div class=\"wp-block-column is-layout-flow wp-block-column-is-layout-flow\">\n<figure class=\"wp-block-image wp-image102\"><p><\/p><div class=\"text333\"><a href=\"http:\/\/a2.arch.pk.edu.pl\/zespol-anna-porebska\">Z-ca Kierownika&nbsp;Katedry<br>Dr&nbsp;in\u017c.&nbsp;arch.<br><strong>Anna&nbsp;Por\u0119bska<\/strong><br>&nbsp;<br>anna.porebska<br>@pk.edu.pl<br>vita &gt;&gt;&gt;<\/a><\/div><p><\/p><\/figure>\n<\/div>\n\n\n\n<div class=\"wp-block-column is-layout-flow wp-block-column-is-layout-flow\">\n<figure class=\"wp-block-image wp-image105\"><p><\/p><div class=\"text333\"><a href=\"http:\/\/a2.arch.pk.edu.pl\/zespol-piotr-winskowski\">Dr&nbsp;hab. in\u017c.&nbsp;arch.<br><strong>Piotr&nbsp;Winskowski<\/strong>, Prof.&nbsp;Pk<br>&nbsp;<br>piotr.winskowski<br>@pk.edu.pl<br>vita &gt;&gt;&gt;<\/a><\/div><p><\/p><\/figure>\n<\/div>\n\n\n\n<div class=\"wp-block-column is-layout-flow wp-block-column-is-layout-flow\">\n<figure class=\"wp-block-image wp-image107\"><p><\/p><div class=\"text333\"><a href=\"http:\/\/a2.arch.pk.edu.pl\/zespol-bartosz-dendura\">Dr&nbsp;in\u017c.&nbsp;arch.<br><strong>Bartosz&nbsp;Dendura<\/strong><br>&nbsp;<br>bartosz.dendura<br>@pk.edu.pl<br>vita &gt;&gt;&gt;<\/a><\/div><p><\/p><\/figure>\n<\/div>\n<\/div>\n\n\n\n<div class=\"wp-block-columns is-layout-flex wp-container-core-columns-is-layout-2 wp-block-columns-is-layout-flex\">\n<div class=\"wp-block-column is-layout-flow wp-block-column-is-layout-flow\">\n<figure class=\"wp-block-image wp-image112\"><p><\/p><div class=\"text333\"><a href=\"http:\/\/a2.arch.pk.edu.pl\/zespol-anna-taczalska-ryniak\">Dr&nbsp;in\u017c.&nbsp;arch.<br><strong>Anna&nbsp;Taczalska-Ryniak<\/strong><br>&nbsp;<br>anna.taczalska<br>@pk.edu.pl<br>vita &gt;&gt;&gt;<\/a><\/div><p><\/p><\/figure>\n<\/div>\n\n\n\n<div class=\"wp-block-column is-layout-flow wp-block-column-is-layout-flow\">\n<figure class=\"wp-block-image wp-image106\"><p><\/p><div class=\"text333\"><a href=\"http:\/\/a2.arch.pk.edu.pl\/zespol-kazimierz-butelski\">Dr&nbsp;hab. in\u017c.&nbsp;arch.<br><strong>Kazimierz&nbsp;Butelski<\/strong>, Prof.&nbsp;Pk<br>&nbsp;<br>kazimierz.butelski<br>@pk.edu.pl<br>vita &gt;&gt;&gt;<\/a><\/div><p><\/p><\/figure>\n<\/div>\n\n\n\n<div class=\"wp-block-column is-layout-flow wp-block-column-is-layout-flow\">\n<figure class=\"wp-block-image wp-image104\"><p><\/p><div class=\"text333\"><a href=\"http:\/\/a2.arch.pk.edu.pl\/zespol-piotr-gajewski\">Dr&nbsp;hab. in\u017c.&nbsp;arch.<br><strong>Piotr&nbsp;Gajewski<\/strong>, Prof.&nbsp;Pk<br>&nbsp;<br>piotr.gajewski<br>@pk.edu.pl<br>vita &gt;&gt;&gt;<\/a><\/div><p><\/p><\/figure>\n<\/div>\n\n\n\n<div class=\"wp-block-column is-layout-flow wp-block-column-is-layout-flow\">\n<figure class=\"wp-block-image wp-image108\"><p><\/p><div class=\"text333\"><a href=\"http:\/\/a2.arch.pk.edu.pl\/zespol-manezha-dost\">Dr&nbsp;in\u017c.&nbsp;arch.<br><strong>Manezha&nbsp;Dost<\/strong><br>&nbsp;<br>manezha.dost<br>@pk.edu.pl<br>vita &gt;&gt;&gt;<\/a><\/div><p><\/p><\/figure>\n<\/div>\n<\/div>\n\n\n\n<div class=\"wp-block-columns is-layout-flex wp-container-core-columns-is-layout-3 wp-block-columns-is-layout-flex\">\n<div class=\"wp-block-column is-layout-flow wp-block-column-is-layout-flow\">\n<figure class=\"wp-block-image wp-image117\"><p><\/p><div class=\"text333\"><a href=\"http:\/\/a2.arch.pk.edu.pl\/zespol-wojciech-dulinski\">Dr&nbsp;in\u017c.&nbsp;arch.<br><strong>Wojciech&nbsp;Duli\u0144ski<\/strong><br>&nbsp;<br>wojciech.dulinski<br>@pk.edu.pl<br>vita &gt;&gt;&gt;<\/a><\/div><p><\/p><\/figure>\n<\/div>\n\n\n\n<div class=\"wp-block-column is-layout-flow wp-block-column-is-layout-flow\">\n<figure class=\"wp-block-image wp-image109\"><p><\/p><div class=\"text333\"><a href=\"http:\/\/a2.arch.pk.edu.pl\/zespol-angelika-lasiewicz-sych\">Dr&nbsp;in\u017c.&nbsp;arch.<br><strong>Angelika&nbsp;Lasiewicz-Sych<\/strong><br>&nbsp;<br>angelika.lasiewicz-sych<br>@pk.edu.pl<br>vita &gt;&gt;&gt;<\/a><\/div><p><\/p><\/figure>\n<\/div>\n\n\n\n<div class=\"wp-block-column is-layout-flow wp-block-column-is-layout-flow\">\n<figure class=\"wp-block-image wp-image110\"><p><\/p><div class=\"text333\"><a href=\"http:\/\/a2.arch.pk.edu.pl\/zespol-marta-lukasik\">Dr&nbsp;in\u017c.&nbsp;arch.<br><strong>Marta&nbsp;\u0141ukasik<\/strong><br>&nbsp;<br>marta.lukasik<br>@pk.edu.pl<br>vita &gt;&gt;&gt;<\/a><\/div><p><\/p><\/figure>\n<\/div>\n\n\n\n<div class=\"wp-block-column is-layout-flow wp-block-column-is-layout-flow\">\n<figure class=\"wp-block-image wp-image111\"><p><\/p><div class=\"text333\"><a href=\"http:\/\/a2.arch.pk.edu.pl\/zespol-lukas-olma\">Dr&nbsp;in\u017c.&nbsp;arch.<br><strong>Lukas&nbsp;Patrick&nbsp;Olma<\/strong>, MA&nbsp;Arch.<br>&nbsp;<br>lukas.olma<br>@pk.edu.pl<br>vita &gt;&gt;&gt;<\/a><\/div><p><\/p><\/figure>\n<\/div>\n<\/div>\n\n\n\n<div class=\"wp-block-columns is-layout-flex wp-container-core-columns-is-layout-4 wp-block-columns-is-layout-flex\">\n<div class=\"wp-block-column is-layout-flow wp-block-column-is-layout-flow\">\n<figure class=\"wp-block-image wp-image120\"><p><\/p><div class=\"text333\"><a href=\"http:\/\/a2.arch.pk.edu.pl\/zespol-ewelina-panasiuk\">Dr&nbsp;in\u017c.&nbsp;arch.<br><strong>Ewelina&nbsp;Panasiuk<\/strong><br>&nbsp;<br>ewelina.panasiuk<br>@pk.edu.pl<br>vita &gt;&gt;&gt;<\/a><\/div><p><\/p><\/figure>\n<\/div>\n\n\n\n<div class=\"wp-block-column is-layout-flow wp-block-column-is-layout-flow\">\n<figure class=\"wp-block-image wp-image123\"><p><\/p><div class=\"text333\"><a href=\"http:\/\/a2.arch.pk.edu.pl\/zespol-jakub-turbasa\">Dr&nbsp;in\u017c.&nbsp;arch.<br><strong>Jakub&nbsp;Turbasa<\/strong><br>&nbsp;<br>jakub.turbasa<br>@pk.edu.pl<br>vita &gt;&gt;&gt;<\/a><\/div><p><\/p><\/figure>\n<\/div>\n\n\n\n<div class=\"wp-block-column is-layout-flow wp-block-column-is-layout-flow\">\n<figure class=\"wp-block-image wp-image113\"><p><\/p><div class=\"text333\"><a href=\"http:\/\/a2.arch.pk.edu.pl\/zespol-andrzej-wiszowaty\">Dr&nbsp;in\u017c.&nbsp;arch.<br><strong>Andrzej&nbsp;Wiszowaty<\/strong><br>&nbsp;<br>andrzej.wizowaty<br>@pk.edu.pl<br>vita &gt;&gt;&gt;<\/a><\/div><p><\/p><\/figure>\n<\/div>\n\n\n\n<div class=\"wp-block-column is-layout-flow wp-block-column-is-layout-flow\">\n<figure class=\"wp-block-image wp-image114\"><p><\/p><div class=\"text333\"><a href=\"http:\/\/a2.arch.pk.edu.pl\/zespol-katarzyna-zawada-pegiel\">Dr&nbsp;in\u017c.&nbsp;arch.<br><strong>Katarzyna&nbsp;Zawada-P\u0119giel<\/strong><br>&nbsp;<br>katarzyna.zawada<br>@pk.edu.pl<br>vita &gt;&gt;&gt;<\/a><\/div><p><\/p><\/figure>\n<\/div>\n<\/div>\n\n\n\n<div class=\"wp-block-columns is-layout-flex wp-container-core-columns-is-layout-5 wp-block-columns-is-layout-flex\">\n<div class=\"wp-block-column is-layout-flow wp-block-column-is-layout-flow\">\n<figure class=\"wp-block-image wp-image116\"><p><\/p><div class=\"text333\"><a href=\"http:\/\/a2.arch.pk.edu.pl\/zespol-marek-bystron\">Mgr&nbsp;in\u017c.&nbsp;arch.<br><strong>Marek&nbsp;Bystro\u0144<\/strong><br>&nbsp;<br>marek.bystron<br>@pk.edu.pl<br>vita &gt;&gt;&gt;<\/a><\/div><p><\/p><\/figure>\n<\/div>\n\n\n\n<div class=\"wp-block-column is-layout-flow wp-block-column-is-layout-flow\">\n<figure class=\"wp-block-image wp-image124\"><p><\/p><div class=\"text333\"><a href=\"http:\/\/a2.arch.pk.edu.pl\/zespol-aleksander-janicki\">Mgr&nbsp;in\u017c.&nbsp;arch.<br><strong>Aleksander&nbsp;Janicki<\/strong><br>&nbsp;<br>aleksander.janicki<br>@pk.edu.pl<br>vita &gt;&gt;&gt;<\/a><\/div><p><\/p><\/figure>\n<\/div>\n\n\n\n<div class=\"wp-block-column is-layout-flow wp-block-column-is-layout-flow\">\n<figure class=\"wp-block-image wp-image119\"><p><\/p><div class=\"text333\"><a href=\"http:\/\/a2.arch.pk.edu.pl\/zespol-klaudia-oleksy\">Mgr&nbsp;in\u017c.&nbsp;arch.<br><strong>Klaudia&nbsp;Oleksy<\/strong><br>&nbsp;<br>klaudia.oleksy<br>@pk.edu.pl<br>vita &gt;&gt;&gt;<\/a><\/div><p><\/p><\/figure>\n<\/div>\n\n\n\n<div class=\"wp-block-column is-layout-flow wp-block-column-is-layout-flow\">\n<figure class=\"wp-block-image wp-image121\"><p><\/p><div class=\"text333\"><a href=\"http:\/\/a2.arch.pk.edu.pl\/zespol-leszek-pilat\">Mgr&nbsp;in\u017c.&nbsp;arch.<br><strong>Leszek&nbsp;Pilat<\/strong><br>&nbsp;<br>leszek.pilat<br>@pk.edu.pl<br>vita &gt;&gt;&gt;<\/a><\/div><p><\/p><\/figure>\n<\/div>\n<\/div>\n\n\n\n<div class=\"wp-block-columns is-layout-flex wp-container-core-columns-is-layout-6 wp-block-columns-is-layout-flex\">\n<div class=\"wp-block-column is-layout-flow wp-block-column-is-layout-flow\">\n<figure class=\"wp-block-image wp-image122\"><p><\/p><div class=\"text333\"><a href=\"http:\/\/a2.arch.pk.edu.pl\/zespol-Izabela-placzek\">Mgr<br><strong>Izabela&nbsp;P\u0142aczek<\/strong><br>&nbsp;<br>izabela.placzek<br>@pk.edu.pl<br>vita &gt;&gt;&gt;<\/a><\/div><p><\/p><\/figure>\n<\/div>\n\n\n\n<div class=\"wp-block-column is-layout-flow wp-block-column-is-layout-flow\"><\/div>\n\n\n\n<div class=\"wp-block-column is-layout-flow wp-block-column-is-layout-flow\"><\/div>\n\n\n\n<div class=\"wp-block-column is-layout-flow wp-block-column-is-layout-flow\"><\/div>\n<\/div>\n\n\n\n<p>&nbsp;<\/p>\n\n\n\n<p><strong>wsp\u00f3\u0142praca:<\/strong><\/p>\n\n\n\n<div class=\"wp-block-columns is-layout-flex wp-container-core-columns-is-layout-7 wp-block-columns-is-layout-flex\">\n<div class=\"wp-block-column is-layout-flow wp-block-column-is-layout-flow\">\n<figure class=\"wp-block-image wp-image151\"><p><\/p><div class=\"text333\"><a href=\"http:\/\/a2.arch.pk.edu.pl\/zespol-janusz-barnas\">Dr&nbsp;in\u017c.&nbsp;arch.<br><strong>Janusz&nbsp;Barna\u015b<\/strong><br>&nbsp;<br>janusz.barnas<br>@pk.edu.pl<br>vita &gt;&gt;&gt;<\/a><\/div><p><\/p><\/figure>\n<\/div>\n\n\n\n<div class=\"wp-block-column is-layout-flow wp-block-column-is-layout-flow\">\n<figure class=\"wp-block-image wp-image103\"><p><\/p><div class=\"text333\"><a href=\"http:\/\/a2.arch.pk.edu.pl\/zespol-maciej-zlowodzki\">Prof. Dr&nbsp;hab. in\u017c.&nbsp;arch.<br><strong>Maciej&nbsp;Z\u0142owodzki<\/strong><br>&nbsp;<br>maciej.zlowodzki<br>@pk.edu.pl<br>vita &gt;&gt;&gt;<\/a><\/div><p><\/p><\/figure>\n<\/div>\n\n\n\n<div class=\"wp-block-column is-layout-flow wp-block-column-is-layout-flow\"><\/div>\n\n\n\n<div class=\"wp-block-column is-layout-flow wp-block-column-is-layout-flow\"><\/div>\n<\/div>\n","protected":false},"excerpt":{"rendered":"<p>Kierownik&nbsp;KatedryDr&nbsp;hab. in\u017c.&nbsp;arch.Tomasz&nbsp;Kapecki, Prof.&nbsp;Pk&nbsp;tomasz.kapecki@pk.edu.plvita &gt;&gt;&gt; Z-ca Kierownika&nbsp;KatedryDr&nbsp;in\u017c.&nbsp;arch.Anna&nbsp;Por\u0119bska&nbsp;anna.porebska@pk.edu.plvita &gt;&gt;&gt; Dr&nbsp;hab. in\u017c.&nbsp;arch.Piotr&nbsp;Winskowski, Prof.&nbsp;Pk&nbsp;piotr.winskowski@pk.edu.plvita &gt;&gt;&gt; Dr&nbsp;in\u017c.&nbsp;arch.Bartosz&nbsp;Dendura&nbsp;bartosz.dendura@pk.edu.plvita &gt;&gt;&gt; Dr&nbsp;in\u017c.&nbsp;arch.Anna&nbsp;Taczalska-Ryniak&nbsp;anna.taczalska@pk.edu.plvita &gt;&gt;&gt; Dr&nbsp;hab. in\u017c.&nbsp;arch.Kazimierz&nbsp;Butelski, Prof.&nbsp;Pk&nbsp;kazimierz.butelski@pk.edu.plvita &gt;&gt;&gt; Dr&nbsp;hab. in\u017c.&nbsp;arch.Piotr&nbsp;Gajewski, Prof.&nbsp;Pk&nbsp;piotr.gajewski@pk.edu.plvita &gt;&gt;&gt; Dr&nbsp;in\u017c.&nbsp;arch.Manezha&nbsp;Dost&nbsp;manezha.dost@pk.edu.plvita &gt;&gt;&gt;&hellip;<\/p>\n","protected":false},"author":2,"featured_media":0,"parent":0,"menu_order":0,"comment_status":"closed","ping_status":"closed","template":"","meta":{"footnotes":""},"class_list":["post-171","page","type-page","status-publish","hentry"],"_links":{"self":[{"href":"http:\/\/a2.arch.pk.edu.pl\/en\/wp-json\/wp\/v2\/pages\/171","targetHints":{"allow":["GET"]}}],"collection":[{"href":"http:\/\/a2.arch.pk.edu.pl\/en\/wp-json\/wp\/v2\/pages"}],"about":[{"href":"http:\/\/a2.arch.pk.edu.pl\/en\/wp-json\/wp\/v2\/types\/page"}],"author":[{"embeddable":true,"href":"http:\/\/a2.arch.pk.edu.pl\/en\/wp-json\/wp\/v2\/users\/2"}],"replies":[{"embeddable":true,"href":"http:\/\/a2.arch.pk.edu.pl\/en\/wp-json\/wp\/v2\/comments?post=171"}],"version-history":[{"count":80,"href":"http:\/\/a2.arch.pk.edu.pl\/en\/wp-json\/wp\/v2\/pages\/171\/revisions"}],"predecessor-version":[{"id":7137,"href":"http:\/\/a2.arch.pk.edu.pl\/en\/wp-json\/wp\/v2\/pages\/171\/revisions\/7137"}],"wp:attachment":[{"href":"http:\/\/a2.arch.pk.edu.pl\/en\/wp-json\/wp\/v2\/media?parent=171"}],"curies":[{"name":"wp","href":"https:\/\/api.w.org\/{rel}","templated":true}]}}