{"id":23,"date":"2021-03-05T21:47:09","date_gmt":"2021-03-05T20:47:09","guid":{"rendered":"http:\/\/a2.arch.pk.edu.pl\/?page_id=23"},"modified":"2023-12-02T18:15:20","modified_gmt":"2023-12-02T17:15:20","slug":"zespol-architektury-sportu-i-rekreacji","status":"publish","type":"page","link":"http:\/\/a2.arch.pk.edu.pl\/en\/zespol-architektury-sportu-i-rekreacji\/","title":{"rendered":"Zesp\u00f3\u0142 Architektury Sportu i Rekreacji"},"content":{"rendered":"\n<p><strong>Kierownik Zespo\u0142u:<\/strong><br><br><a href=\"http:\/\/a2.arch.pk.edu.pl\/zespol-tomasz-kapecki\/\">dr hab. in\u017c. arch. Tomasz Kapecki, prof. PK &gt;&gt;&gt;<\/a><\/p>\n\n\n\n<p><strong>Pracownicy:<\/strong><br><br><a href=\"http:\/\/a2.arch.pk.edu.pl\/zespol-kazimierz-butelski\/\">dr hab. in\u017c. arch. Kazimierz Butelski, prof. PK &gt;&gt;&gt;<\/a><br><a href=\"http:\/\/a2.arch.pk.edu.pl\/zespol-jakub-turbasa\/\">dr in\u017c. arch. Jakub Turbasa &gt;&gt;&gt;<\/a><br><a href=\"http:\/\/a2.arch.pk.edu.pl\/zespol-andrzej-wiszowaty\/\">dr in\u017c. arch. Andrzej Wiszowaty &gt;&gt;&gt;<\/a><br><a href=\"http:\/\/a2.arch.pk.edu.pl\/zespol-aleksander-janicki\/\">mgr in\u017c. arch. Aleksander Janicki &gt;&gt;&gt;<br><\/a><a href=\"http:\/\/a2.arch.pk.edu.pl\/zespol-klaudia-oleksy\/\">mgr in\u017c. arch. Klaudia Oleksy &gt;&gt;&gt;<br><\/a><a href=\"http:\/\/a2.arch.pk.edu.pl\/zespol-leszek-pilat\/\">mgr in\u017c. arch. Leszek Pi\u0142at &gt;&gt;&gt;<\/a><\/p>\n\n\n\n<p><strong>wsp\u00f3\u0142praca:<\/strong><br><br><a href=\"http:\/\/a2.arch.pk.edu.pl\/zespol-janusz-barnas\/\">dr in\u017c. arch. Janusz Barna\u015b &gt;&gt;&gt;<\/a><\/p>\n\n\n\n<p>Zesp\u00f3\u0142 Architektury Sportu i Rekreacji&nbsp;&nbsp;realizuje zaj\u0119cia dydaktyczne na 3 i 4 roku oraz na 2 roku II&nbsp;stopnia. Prowadzimy \u0107wiczenia projektowe i wyk\u0142ady z&nbsp;&nbsp;teorii&nbsp;&nbsp;i zasad projektowania&nbsp;&nbsp;obiekt\u00f3w architektonicznych. Specjalizujemy si\u0119 w projektowaniu obiekt\u00f3w u\u017cyteczno\u015bci publicznej zwi\u0105zanych ze sportem i rekreacj\u0105.&nbsp;&nbsp;<\/p>\n\n\n\n<p>Prowadzimy projektowania dyplomowe po I stopniu oraz projektowanie dyplomowe i seminarium dyplomowe po II stopniu. Do\u015bwiadczony zesp\u00f3\u0142 fachowc\u00f3w-praktyk\u00f3w to atut naszego Zespo\u0142u, liczne nagrody architektoniczne i wyr\u00f3\u017cnienia naszych student\u00f3w i absolwent\u00f3w potwierdzaj\u0105 s\u0142uszno\u015b\u0107 przyj\u0119tych form kszta\u0142cenia.&nbsp;<\/p>\n\n\n\n<p>Zapraszamy !<\/p>\n\n\n\n<p><font size=\"1\">Kierownik Katedry Architektury Miejsc Pracy, Sportu i Us\u0142ug&nbsp;<\/font><br>dr hab. in\u017c. arch. <strong><font size=\"2\">Tomasz Kapecki<\/font><\/strong>, prof. PK<\/p>\n\n\n\n<figure class=\"wp-block-image size-large\"><img loading=\"lazy\" decoding=\"async\" width=\"1200\" height=\"706\" src=\"http:\/\/a2.arch.pk.edu.pl\/wp-content\/uploads\/2021\/04\/2021-04-20_SR.jpg\" alt=\"\" class=\"wp-image-273\"\/><\/figure>\n\n\n\n<p style=\"font-size:10px\">M. Pietrucha, CENTRUM SPORTU I REKREACJI, WILGA W KRAKOWIE <br>Dyplom In\u017cynierski, rok 2020\/21 <br>Promotor: dr in\u017c. arch. Andrzej Wiszowaty<\/p>\n","protected":false},"excerpt":{"rendered":"<p>Kierownik Zespo\u0142u: dr hab. in\u017c. arch. Tomasz Kapecki, prof. PK &gt;&gt;&gt; Pracownicy: dr hab. in\u017c. arch. Kazimierz Butelski, prof. PK &gt;&gt;&gt;dr in\u017c. arch. Jakub Turbasa&hellip;<\/p>\n","protected":false},"author":1,"featured_media":0,"parent":0,"menu_order":0,"comment_status":"closed","ping_status":"closed","template":"","meta":{"footnotes":""},"class_list":["post-23","page","type-page","status-publish","hentry"],"_links":{"self":[{"href":"http:\/\/a2.arch.pk.edu.pl\/en\/wp-json\/wp\/v2\/pages\/23","targetHints":{"allow":["GET"]}}],"collection":[{"href":"http:\/\/a2.arch.pk.edu.pl\/en\/wp-json\/wp\/v2\/pages"}],"about":[{"href":"http:\/\/a2.arch.pk.edu.pl\/en\/wp-json\/wp\/v2\/types\/page"}],"author":[{"embeddable":true,"href":"http:\/\/a2.arch.pk.edu.pl\/en\/wp-json\/wp\/v2\/users\/1"}],"replies":[{"embeddable":true,"href":"http:\/\/a2.arch.pk.edu.pl\/en\/wp-json\/wp\/v2\/comments?post=23"}],"version-history":[{"count":45,"href":"http:\/\/a2.arch.pk.edu.pl\/en\/wp-json\/wp\/v2\/pages\/23\/revisions"}],"predecessor-version":[{"id":7054,"href":"http:\/\/a2.arch.pk.edu.pl\/en\/wp-json\/wp\/v2\/pages\/23\/revisions\/7054"}],"wp:attachment":[{"href":"http:\/\/a2.arch.pk.edu.pl\/en\/wp-json\/wp\/v2\/media?parent=23"}],"curies":[{"name":"wp","href":"https:\/\/api.w.org\/{rel}","templated":true}]}}