{"id":25,"date":"2021-03-05T21:47:45","date_gmt":"2021-03-05T20:47:45","guid":{"rendered":"http:\/\/a2.arch.pk.edu.pl\/?page_id=25"},"modified":"2024-03-20T20:01:54","modified_gmt":"2024-03-20T19:01:54","slug":"zespol-architektury-przemyslowej","status":"publish","type":"page","link":"http:\/\/a2.arch.pk.edu.pl\/en\/zespol-architektury-przemyslowej\/","title":{"rendered":"Zesp\u00f3\u0142 Architektury Przemys\u0142owej"},"content":{"rendered":"\n<p><strong>Kierownik Zespo\u0142u:<\/strong><br><br><a href=\"http:\/\/a2.arch.pk.edu.pl\/zespol-anna-taczalska-ryniak\/\">dr in\u017c. arch. Anna Taczalska-Ryniak &gt;&gt;&gt;<\/a><\/p>\n\n\n\n<p><strong>Pracownicy:<\/strong><br><br><a href=\"http:\/\/a2.arch.pk.edu.pl\/zespol-wojciech-dulinski\/\">dr in\u017c. arch. Wojciech Duli\u0144ski &gt;&gt;&gt;<\/a><br><a href=\"http:\/\/a2.arch.pk.edu.pl\/zespol-katarzyna-zawada-pegiel\/\">dr in\u017c. arch. Katarzyna Zawada-P\u0119giel &gt;&gt;&gt;<\/a><br><a href=\"http:\/\/a2.arch.pk.edu.pl\/zespol-marek-bystron\/\">mgr in\u017c. arch. Marek Bystro\u0144 &gt;&gt;&gt;<\/a><\/p>\n\n\n\n<p><strong>wsp\u00f3\u0142praca:<\/strong><br><br><a href=\"http:\/\/a2.arch.pk.edu.pl\/zespol-maciej-zlowodzki\/\">prof. dr hab. in\u017c. arch. Maciej Z\u0142owodzki &gt;&gt;&gt;<\/a><\/p>\n\n\n\n<p>Profile naukowo-badawczy i dydaktyczny pracy Zespo\u0142u s\u0105 zbie\u017cne i obejmuj\u0105 szeroko rozumiane \u015bro\u00addowisko zbudowane aktywno\u015bci i pracy cz\u0142owieka. W szczeg\u00f3lno\u015bci s\u0105 to zagadnienia:<\/p>\n\n\n\n<ul class=\"wp-block-list\"><li>projektowanie obiekt\u00f3w produkcji materialnej \u2013 zak\u0142ad\u00f3w przemys\u0142owych, ze szczeg\u00f3lnym uwzgl\u0119dnieniem funkcji administracji, zaplecza socjalnego i strefy produkcji;<\/li><li>projektowanie obiekt\u00f3w i zespo\u0142\u00f3w biurowych, ze szczeg\u00f3lnym uwzgl\u0119dnieniem pomieszcze\u0144 pracy, ich wyposa\u017cenia, \u015brodowiska i technologii pracy biurowej, a tak\u017ce ewolucji wzgl\u0119d\u00f3w estetyczno-wra\u017ceniowych architektury;<\/li><li>aspekty ergonomii, BHP i antropometrii w architekturze, w kontek\u015bcie cywilizacji technicznej, w d\u0105\u017ceniu do zapewnienia dobrostanu fizycznego, psychicznego i spo\u0142ecznego cz\u0142owieka.<\/li><\/ul>\n\n\n\n<figure class=\"wp-block-image\"><img loading=\"lazy\" decoding=\"async\" width=\"1784\" height=\"896\" src=\"http:\/\/a2.arch.pk.edu.pl\/wp-content\/uploads\/2021\/03\/ILUSTRACJAa2.jpg\" alt=\"\" class=\"wp-image-71\"\/><\/figure>\n\n\n\n<p style=\"font-size:10px\">K. Szczudlik, ZAK\u0141AD PRODUKCJI PODZESPO\u0141\u00d3W SAMOCHODOWYCH W KRAKOWIE<br>Projekt kursowy, stopie\u0144 I, semestr 7, rok 2020\/21 <br>Zesp\u00f3\u0142 architektury przemys\u0142owej<\/p>\n","protected":false},"excerpt":{"rendered":"<p>Kierownik Zespo\u0142u: dr in\u017c. arch. Anna Taczalska-Ryniak &gt;&gt;&gt; Pracownicy: dr in\u017c. arch. Wojciech Duli\u0144ski &gt;&gt;&gt;dr in\u017c. arch. Katarzyna Zawada-P\u0119giel &gt;&gt;&gt;mgr in\u017c. arch. Marek Bystro\u0144 &gt;&gt;&gt;&hellip;<\/p>\n","protected":false},"author":1,"featured_media":0,"parent":0,"menu_order":0,"comment_status":"closed","ping_status":"closed","template":"","meta":{"footnotes":""},"class_list":["post-25","page","type-page","status-publish","hentry"],"_links":{"self":[{"href":"http:\/\/a2.arch.pk.edu.pl\/en\/wp-json\/wp\/v2\/pages\/25","targetHints":{"allow":["GET"]}}],"collection":[{"href":"http:\/\/a2.arch.pk.edu.pl\/en\/wp-json\/wp\/v2\/pages"}],"about":[{"href":"http:\/\/a2.arch.pk.edu.pl\/en\/wp-json\/wp\/v2\/types\/page"}],"author":[{"embeddable":true,"href":"http:\/\/a2.arch.pk.edu.pl\/en\/wp-json\/wp\/v2\/users\/1"}],"replies":[{"embeddable":true,"href":"http:\/\/a2.arch.pk.edu.pl\/en\/wp-json\/wp\/v2\/comments?post=25"}],"version-history":[{"count":20,"href":"http:\/\/a2.arch.pk.edu.pl\/en\/wp-json\/wp\/v2\/pages\/25\/revisions"}],"predecessor-version":[{"id":7132,"href":"http:\/\/a2.arch.pk.edu.pl\/en\/wp-json\/wp\/v2\/pages\/25\/revisions\/7132"}],"wp:attachment":[{"href":"http:\/\/a2.arch.pk.edu.pl\/en\/wp-json\/wp\/v2\/media?parent=25"}],"curies":[{"name":"wp","href":"https:\/\/api.w.org\/{rel}","templated":true}]}}