{"id":27,"date":"2021-03-05T21:48:49","date_gmt":"2021-03-05T20:48:49","guid":{"rendered":"http:\/\/a2.arch.pk.edu.pl\/?page_id=27"},"modified":"2021-10-19T13:07:56","modified_gmt":"2021-10-19T11:07:56","slug":"zespol-architektury-wspolczesnego-regionalizmu","status":"publish","type":"page","link":"http:\/\/a2.arch.pk.edu.pl\/en\/zespol-architektury-wspolczesnego-regionalizmu\/","title":{"rendered":"Zesp\u00f3\u0142 Architektury Wsp\u00f3\u0142czesnego Regionalizmu"},"content":{"rendered":"\n<p><strong>Kierownik Zespo\u0142u:<\/strong><br><br><a href=\"http:\/\/a2.arch.pk.edu.pl\/zespol-piotr-winskowski\/\">dr hab. in\u017c. arch. Piotr Winskowski, prof. PK >>><\/a><\/p>\n\n\n\n<p><strong>Pracownicy:<\/strong><br><br><a href=\"http:\/\/a2.arch.pk.edu.pl\/zespol-manezha-dost\/\">dr in\u017c. arch. Manezha Dost >>><br><\/a><a href=\"http:\/\/a2.arch.pk.edu.pl\/zespol-angelika-lasiewicz-sych\/\">dr in\u017c. arch. Angelika Lasiewicz-Sych >>><\/a><\/p>\n\n\n\n<p><strong>wsp\u00f3\u0142praca:<\/strong><br><br>dr hab. in\u017c. arch. Wojciech Chmielewski, prof. PK<\/p>\n\n\n\n<p>Zesp\u00f3\u0142 Architektury Wsp\u00f3\u0142czesnego Regionalizmu prowadzi zaj\u0119cia z przedmiot\u00f3w: <em>Projektowanie arch.-urb. II <\/em>(dla 5, 6 i 7 semestru studi\u00f3w 1 stopnia), <em>Projektowanie dyplomowe<\/em> (in\u017cynierskie i magisterskie) oraz <em>Seminarium specjalistyczne <\/em>(dla 3 semestru studi\u00f3w 2 stopnia) dla polskich i zagranicznych student\u00f3w kierunku <em>Architektura<\/em>. Dydaktyka ukierunkowana jest na poszukiwanie relacji mi\u0119dzy przestrzennym ukszta\u0142towaniem obiekt\u00f3w us\u0142ugowych a potrzebami lokalnej spo\u0142eczno\u015bci w sferze u\u017cytkowej oraz symbolicznej i to\u017csamo\u015bciowej identyfikacji. Tematy projektowe podejmowane s\u0105 we wsp\u00f3\u0142pracy z organizacjami pozarz\u0105dowymi, instytucjami kultury i jednostkami samorz\u0105du terytorialnego. Pog\u0142\u0119bieniu tej problematyki s\u0142u\u017c\u0105 przedmioty fakultatywne (seminaria dla student\u00f3w 2 semestru studi\u00f3w 2 stopnia): <em>Psychologia architektury<\/em> (A. Lasiewicz-Sych) oraz <em>Teoria i estetyka architektury najnowszej<\/em> (P. Winskowski).<\/p>\n\n\n\n<p>Pracownicy Zespo\u0142u w swojej dzia\u0142alno\u015bci naukowej koncentruj\u0105 si\u0119 na: rozpoznaniu kondycji architektury wobec przemian cywilizacyjnych dzisiejszego \u015bwiata, proces\u00f3w globalizacji i \u201eglokalizacji\u201d oraz relacji mi\u0119dzy architektur\u0105 i innymi sztukami (P. Winskowski); badaniu zachowa\u0144 ludzkich spo\u0142eczno\u015bci i jednostek w \u015brodowisku zbudowanym (A. Lasiewicz-Sych); badaniu wsp\u00f3\u0142czesnej architektury jako no\u015bnika to\u017csamo\u015bci kulturowej w \u015bwietle koncepcji <em>krytycznego regionalizmu<\/em> Kennetha Framptona (M. Dost).<\/p>\n","protected":false},"excerpt":{"rendered":"<p>Kierownik Zespo\u0142u: dr hab. in\u017c. arch. Piotr Winskowski, prof. PK >>> Pracownicy: dr in\u017c. arch. Manezha Dost >>>dr in\u017c. arch. Angelika Lasiewicz-Sych >>> wsp\u00f3\u0142praca: dr&hellip;<\/p>\n","protected":false},"author":1,"featured_media":0,"parent":0,"menu_order":0,"comment_status":"closed","ping_status":"closed","template":"","meta":{"footnotes":""},"class_list":["post-27","page","type-page","status-publish","hentry"],"_links":{"self":[{"href":"http:\/\/a2.arch.pk.edu.pl\/en\/wp-json\/wp\/v2\/pages\/27","targetHints":{"allow":["GET"]}}],"collection":[{"href":"http:\/\/a2.arch.pk.edu.pl\/en\/wp-json\/wp\/v2\/pages"}],"about":[{"href":"http:\/\/a2.arch.pk.edu.pl\/en\/wp-json\/wp\/v2\/types\/page"}],"author":[{"embeddable":true,"href":"http:\/\/a2.arch.pk.edu.pl\/en\/wp-json\/wp\/v2\/users\/1"}],"replies":[{"embeddable":true,"href":"http:\/\/a2.arch.pk.edu.pl\/en\/wp-json\/wp\/v2\/comments?post=27"}],"version-history":[{"count":11,"href":"http:\/\/a2.arch.pk.edu.pl\/en\/wp-json\/wp\/v2\/pages\/27\/revisions"}],"predecessor-version":[{"id":6611,"href":"http:\/\/a2.arch.pk.edu.pl\/en\/wp-json\/wp\/v2\/pages\/27\/revisions\/6611"}],"wp:attachment":[{"href":"http:\/\/a2.arch.pk.edu.pl\/en\/wp-json\/wp\/v2\/media?parent=27"}],"curies":[{"name":"wp","href":"https:\/\/api.w.org\/{rel}","templated":true}]}}