{"id":29,"date":"2021-03-05T21:50:24","date_gmt":"2021-03-05T20:50:24","guid":{"rendered":"http:\/\/a2.arch.pk.edu.pl\/?page_id=29"},"modified":"2023-12-02T18:17:06","modified_gmt":"2023-12-02T17:17:06","slug":"zespol-architektury-uzytecznosci-publicznej","status":"publish","type":"page","link":"http:\/\/a2.arch.pk.edu.pl\/en\/zespol-architektury-uzytecznosci-publicznej\/","title":{"rendered":"Zesp\u00f3\u0142 Architektury U\u017cyteczno\u015bci Publicznej"},"content":{"rendered":"\n<p><strong>Kierownik Zespo\u0142u:<\/strong><br><br><a href=\"http:\/\/a2.arch.pk.edu.pl\/zespol-bartosz-dendura\/\">dr in\u017c. arch. Bartosz Dendura &gt;&gt;&gt;<\/a><\/p>\n\n\n\n<p><strong>Pracownicy:<\/strong><br><br><a href=\"http:\/\/a2.arch.pk.edu.pl\/zespol-piotr-gajewski\/\">dr hab. in\u017c. arch. Piotr Burak-Gajewski, prof. PK &gt;&gt;&gt;<\/a><br><a href=\"http:\/\/a2.arch.pk.edu.pl\/zespol-marta-lukasik\/\">dr in\u017c. arch. Marta \u0141ukasik &gt;&gt;&gt;<br><\/a><a href=\"http:\/\/a2.arch.pk.edu.pl\/zespol-lukas-olma\/\">dr in\u017c. arch. Lukas Patrick Olma, MA arch. &gt;&gt;&gt;<br><\/a><a href=\"http:\/\/a2.arch.pk.edu.pl\/zespol-ewelina-panasiuk\/\">dr in\u017c. arch. Ewelina Panasiuk &gt;&gt;&gt;<\/a><br><a href=\"http:\/\/a2.arch.pk.edu.pl\/zespol-anna-porebska\/\">dr in\u017c. arch. Anna Por\u0119bska &gt;&gt;&gt;<\/a><\/p>\n\n\n\n<p><strong>wsp\u00f3\u0142praca:<\/strong><br><br><a href=\"http:\/\/a2.arch.pk.edu.pl\/zespol-janusz-barnas\/\">dr in\u017c. arch. Janusz Barna\u015b &gt;&gt;&gt;<br><\/a>dr in\u017c. arch. Wies\u0142aw Michalek<\/p>\n","protected":false},"excerpt":{"rendered":"<p>Kierownik Zespo\u0142u: dr in\u017c. arch. Bartosz Dendura &gt;&gt;&gt; Pracownicy: dr hab. in\u017c. arch. Piotr Burak-Gajewski, prof. PK &gt;&gt;&gt;dr in\u017c. arch. Marta \u0141ukasik &gt;&gt;&gt;dr in\u017c. arch.&hellip;<\/p>\n","protected":false},"author":1,"featured_media":71,"parent":0,"menu_order":0,"comment_status":"closed","ping_status":"closed","template":"","meta":{"footnotes":""},"class_list":["post-29","page","type-page","status-publish","has-post-thumbnail","hentry"],"_links":{"self":[{"href":"http:\/\/a2.arch.pk.edu.pl\/en\/wp-json\/wp\/v2\/pages\/29","targetHints":{"allow":["GET"]}}],"collection":[{"href":"http:\/\/a2.arch.pk.edu.pl\/en\/wp-json\/wp\/v2\/pages"}],"about":[{"href":"http:\/\/a2.arch.pk.edu.pl\/en\/wp-json\/wp\/v2\/types\/page"}],"author":[{"embeddable":true,"href":"http:\/\/a2.arch.pk.edu.pl\/en\/wp-json\/wp\/v2\/users\/1"}],"replies":[{"embeddable":true,"href":"http:\/\/a2.arch.pk.edu.pl\/en\/wp-json\/wp\/v2\/comments?post=29"}],"version-history":[{"count":132,"href":"http:\/\/a2.arch.pk.edu.pl\/en\/wp-json\/wp\/v2\/pages\/29\/revisions"}],"predecessor-version":[{"id":7060,"href":"http:\/\/a2.arch.pk.edu.pl\/en\/wp-json\/wp\/v2\/pages\/29\/revisions\/7060"}],"wp:featuredmedia":[{"embeddable":true,"href":"http:\/\/a2.arch.pk.edu.pl\/en\/wp-json\/wp\/v2\/media\/71"}],"wp:attachment":[{"href":"http:\/\/a2.arch.pk.edu.pl\/en\/wp-json\/wp\/v2\/media?parent=29"}],"curies":[{"name":"wp","href":"https:\/\/api.w.org\/{rel}","templated":true}]}}