{"id":4109,"date":"2021-05-26T14:51:53","date_gmt":"2021-05-26T12:51:53","guid":{"rendered":"http:\/\/a2.arch.pk.edu.pl\/?page_id=4109"},"modified":"2021-10-19T14:41:36","modified_gmt":"2021-10-19T12:41:36","slug":"projekty-studenckie","status":"publish","type":"page","link":"http:\/\/a2.arch.pk.edu.pl\/en\/projekty-studenckie\/","title":{"rendered":"Projekty Studenckie"},"content":{"rendered":"\n<div class=\"wp-block-columns is-layout-flex wp-container-core-columns-is-layout-1 wp-block-columns-is-layout-flex\">\n<div class=\"wp-block-column is-layout-flow wp-block-column-is-layout-flow\">\n<figure class=\"wp-block-image wp-image931\"><p><\/p><div class=\"text334\"><a href=\"http:\/\/a2.arch.pk.edu.pl\/category\/arch-urb-st-i-sem4\/\"><strong>Projekty Studenckie &gt;&gt;&gt;<\/strong><\/a><\/div><\/figure>\n<\/div>\n\n\n\n<div class=\"wp-block-column is-layout-flow wp-block-column-is-layout-flow\">\n<figure class=\"wp-block-image wp-image900\"><p><\/p><div class=\"text334\"><\/div><\/figure>\n<\/div>\n\n\n\n<div class=\"wp-block-column is-layout-flow wp-block-column-is-layout-flow\">\n<figure class=\"wp-block-image wp-image900\"><p><\/p><div class=\"text334\"><\/div><\/figure>\n<\/div>\n\n\n\n<div class=\"wp-block-column is-layout-flow wp-block-column-is-layout-flow\">\n<figure class=\"wp-block-image wp-image900\"><p><\/p><div class=\"text334\"><\/div><\/figure>\n<\/div>\n<\/div>\n\n\n\n<div class=\"wp-block-columns is-layout-flex wp-container-core-columns-is-layout-2 wp-block-columns-is-layout-flex\">\n<div class=\"wp-block-column is-layout-flow wp-block-column-is-layout-flow\">\n<figure class=\"wp-block-image wp-image900\"><p><\/p><div class=\"text334\"><\/div><\/figure>\n<\/div>\n\n\n\n<div class=\"wp-block-column is-layout-flow wp-block-column-is-layout-flow\">\n<figure class=\"wp-block-image wp-image941\"><p><\/p><div class=\"text334\"><a href=\"http:\/\/a2.arch.pk.edu.pl\/category\/arch-urb-st-i-sem5\/\"><strong>Projekty Studenckie &gt;&gt;&gt;<\/strong><\/a><\/div><\/figure>\n<\/div>\n\n\n\n<div class=\"wp-block-column is-layout-flow wp-block-column-is-layout-flow\">\n<figure class=\"wp-block-image wp-image2100\"><p><\/p><div class=\"text334\"><a href=\"http:\/\/a2.arch.pk.edu.pl\/s-r-projekt-st-i-sem5\/\">SPORT&nbsp;I REKREACJA<br>AUTOR: ___<br>GR.: ___<\/a><\/div><\/figure>\n<\/div>\n\n\n\n<div class=\"wp-block-column is-layout-flow wp-block-column-is-layout-flow\">\n<figure class=\"wp-block-image wp-image3100\"><p><\/p><div class=\"text334\"><a href=\"http:\/\/a2.arch.pk.edu.pl\/u-p-projekt-st-i-sem5\/\">U\u017bYTECZNO\u015a\u0106 PUBLICZNA\n<br>AUTOR: ___<br>GR.: ___<\/a><\/div><\/figure>\n<\/div>\n<\/div>\n\n\n\n<div class=\"wp-block-columns is-layout-flex wp-container-core-columns-is-layout-3 wp-block-columns-is-layout-flex\">\n<div class=\"wp-block-column is-layout-flow wp-block-column-is-layout-flow\">\n<figure class=\"wp-block-image wp-image4100\"><p><\/p><div class=\"text334\"><a href=\"http:\/\/a2.arch.pk.edu.pl\/w-r-projekt-st-i-sem5\/\">WSP\u00d3\u0141CZESNY REGIONALIZM\n<br>Autor: ___\n<br>Gr.: ___<\/a><\/div><\/figure>\n<\/div>\n\n\n\n<div class=\"wp-block-column is-layout-flow wp-block-column-is-layout-flow\">\n<figure class=\"wp-block-image wp-image951\"><p><\/p><div class=\"text334\"><a href=\"http:\/\/a2.arch.pk.edu.pl\/category\/arch-urb-st-i-sem6\/\"><strong>Projekty Studenckie &gt;&gt;&gt;<\/strong><\/a><\/div><\/figure>\n<\/div>\n\n\n\n<div class=\"wp-block-column is-layout-flow wp-block-column-is-layout-flow\">\n<figure class=\"wp-block-image wp-image2100\"><p><\/p><div class=\"text334\"><a href=\"http:\/\/a2.arch.pk.edu.pl\/s-r-projekt-st-i-sem6\/\">SPORT&nbsp;I REKREACJA<br>AUTOR: ___<br>GR.: ___<\/a><\/div><\/figure>\n<\/div>\n\n\n\n<div class=\"wp-block-column is-layout-flow wp-block-column-is-layout-flow\">\n<figure class=\"wp-block-image wp-image3121\"><p><\/p><div class=\"text334\"><a href=\"http:\/\/a2.arch.pk.edu.pl\/u-p-projekt-st-i-sem6\/\">Arch.Urb.II&nbsp;Semestr.6<br><strong>U\u017bYTECZNO\u015a\u0106 PUBLICZNA<\/strong><br>&nbsp;\n<br>Autor: K.&nbsp;Machlarz<br>Gr.: DR L.&nbsp;OLMA<br>Rok 2019\/20<\/a><\/div><\/figure>\n<\/div>\n<\/div>\n\n\n\n<div class=\"wp-block-columns is-layout-flex wp-container-core-columns-is-layout-4 wp-block-columns-is-layout-flex\">\n<div class=\"wp-block-column is-layout-flow wp-block-column-is-layout-flow\">\n<figure class=\"wp-block-image wp-image3122\"><p><\/p><div class=\"text334\"><a href=\"http:\/\/a2.arch.pk.edu.pl\/u-p-projekt-st-i-sem6\/#m-mlodochowski\">Arch.Urb.II&nbsp;Semestr.6<br><strong>U\u017bYTECZNO\u015a\u0106 PUBLICZNA<\/strong><br>&nbsp;\n<br>Autor: M.&nbsp;M\u0141ODOCHOWSKI<br>Gr.: DR L.&nbsp;OLMA<br>Rok 2019\/20<\/a><\/div><\/figure>\n<\/div>\n\n\n\n<div class=\"wp-block-column is-layout-flow wp-block-column-is-layout-flow\">\n<figure class=\"wp-block-image wp-image4100\"><p><\/p><div class=\"text334\"><a href=\"http:\/\/a2.arch.pk.edu.pl\/w-r-projekt-st-i-sem5\/\">WSP\u00d3\u0141CZESNY REGIONALIZM\n<br>Autor: ___\n<br>Gr.: ___<\/a><\/div><\/figure>\n<\/div>\n\n\n\n<div class=\"wp-block-column is-layout-flow wp-block-column-is-layout-flow\">\n<figure class=\"wp-block-image wp-image961\"><p><\/p><div class=\"text334\"><a href=\"http:\/\/a2.arch.pk.edu.pl\/category\/arch-urb-st-i-sem7\/\"><strong>Projekty Studenckie &gt;&gt;&gt;<\/strong><\/a><\/div><\/figure>\n<\/div>\n\n\n\n<div class=\"wp-block-column is-layout-flow wp-block-column-is-layout-flow\">\n<figure class=\"wp-block-image wp-image1131\"><p><\/p><div class=\"text334\"><a href=\"http:\/\/a2.arch.pk.edu.pl\/a-p-projekt-st-i-sem7\/\">Arch.Urb.II&nbsp;Semestr.7<br><strong>Architektura Przemys\u0142owa<\/strong><br>&nbsp;\n<br>AUTOR: K.&nbsp;SZCZUDLIK<br>GR.: MGR M.&nbsp;BYSTRO\u0143<br>Rok 2020\/21<\/a><\/div><\/figure>\n<\/div>\n<\/div>\n\n\n\n<div class=\"wp-block-columns is-layout-flex wp-container-core-columns-is-layout-5 wp-block-columns-is-layout-flex\">\n<div class=\"wp-block-column is-layout-flow wp-block-column-is-layout-flow\">\n<figure class=\"wp-block-image wp-image2100\"><p><\/p><div class=\"text334\"><a href=\"http:\/\/a2.arch.pk.edu.pl\/s-r-projekt-st-i-sem7\/\">SPORT&nbsp;I REKREACJA<br>AUTOR: ___<br>GR.: ___<\/a><\/div><\/figure>\n<\/div>\n\n\n\n<div class=\"wp-block-column is-layout-flow wp-block-column-is-layout-flow\">\n<figure class=\"wp-block-image wp-image2200\"><p><\/p><div class=\"text334\"><a href=\"http:\/\/a2.arch.pk.edu.pl\/s-r-projekt-st-i-sem7\/\">SPORT&nbsp;I REKREACJA<br>AUTOR: ___<br>GR.: ___<\/a><\/div><\/figure>\n<\/div>\n\n\n\n<div class=\"wp-block-column is-layout-flow wp-block-column-is-layout-flow\">\n<figure class=\"wp-block-image wp-image3131\"><p><\/p><div class=\"text334\"><a href=\"http:\/\/a2.arch.pk.edu.pl\/u-p-projekt-st-i-sem7\/\">Arch.Urb.II&nbsp;Semestr.7<br><strong>U\u017bYTECZNO\u015a\u0106 PUBLICZNA<\/strong><br>&nbsp;\n<br>Autor: K. Lorenc-Kozik<br>Gr.: DR L.&nbsp;OLMA<br>Rok 2020\/21<\/a><\/div><\/figure>\n<\/div>\n\n\n\n<div class=\"wp-block-column is-layout-flow wp-block-column-is-layout-flow\">\n<figure class=\"wp-block-image wp-image3132\"><p><\/p><div class=\"text334\"><a href=\"http:\/\/a2.arch.pk.edu.pl\/u-p-projekt-st-i-sem7\/#a-matuszewski\">Arch.Urb.II&nbsp;Semestr.7<br><strong>U\u017bYTECZNO\u015a\u0106 PUBLICZNA<\/strong><br>&nbsp;\n<br>Autor: A. MATUSZEWSKI<br>Gr.: DR B.&nbsp;Dendura<br>Rok 2020\/21<\/a><\/div><\/figure>\n<\/div>\n<\/div>\n\n\n\n<div class=\"wp-block-columns is-layout-flex wp-container-core-columns-is-layout-6 wp-block-columns-is-layout-flex\">\n<div class=\"wp-block-column is-layout-flow wp-block-column-is-layout-flow\">\n<figure class=\"wp-block-image wp-image3133\"><p><\/p><div class=\"text334\"><a href=\"http:\/\/a2.arch.pk.edu.pl\/u-p-projekt-st-i-sem7\/#d-marciszewski\">Arch.Urb.II&nbsp;Semestr.7<br><strong>U\u017bYTECZNO\u015a\u0106 PUBLICZNA<\/strong><br>&nbsp;\n<br>Autor: D. MARCISZEWSKI <br>Gr.: DR L.&nbsp;OLMA<br>Rok 2020\/21<\/a><\/div><\/figure>\n<\/div>\n\n\n\n<div class=\"wp-block-column is-layout-flow wp-block-column-is-layout-flow\">\n<figure class=\"wp-block-image wp-image4100\"><p><\/p><div class=\"text334\"><a href=\"http:\/\/a2.arch.pk.edu.pl\/w-r-projekt-st-i-sem7\/\">WSP\u00d3\u0141CZESNY REGIONALIZM\n<br>Autor: ___\n<br>Gr.: ___<\/a><\/div><\/figure>\n<\/div>\n\n\n\n<div class=\"wp-block-column is-layout-flow wp-block-column-is-layout-flow\">\n<figure class=\"wp-block-image wp-image981\"><p><\/p><div class=\"text334\"><a href=\"http:\/\/a2.arch.pk.edu.pl\/category\/arch-urb-st-ii-sem2\/\"><strong>Projekty Studenckie &gt;&gt;&gt;<\/strong><\/a><\/div><\/figure>\n<\/div>\n\n\n\n<div class=\"wp-block-column is-layout-flow wp-block-column-is-layout-flow\">\n<figure class=\"wp-block-image wp-image1141\"><p><\/p><div class=\"text334\"><a href=\"http:\/\/a2.arch.pk.edu.pl\/a-p-projekt-st-ii-sem2\/\">Arch.Urb.II&nbsp;Sem.2, St.II<br><strong>Architektura Przemys\u0142owa<\/strong><br>&nbsp;\n<br>AUTOR: K.&nbsp; PIEKARZ <br>GR.: MGR W.&nbsp;DULI\u0143SKI<br>Rok 2020\/21<\/a><\/div><\/figure>\n<\/div>\n<\/div>\n\n\n\n<div class=\"wp-block-columns is-layout-flex wp-container-core-columns-is-layout-7 wp-block-columns-is-layout-flex\">\n<div class=\"wp-block-column is-layout-flow wp-block-column-is-layout-flow\">\n<figure class=\"wp-block-image wp-image2100\"><p><\/p><div class=\"text334\"><a href=\"http:\/\/a2.arch.pk.edu.pl\/s-r-projekt-st-ii-sem2\/\">SPORT&nbsp;I REKREACJA<br>AUTOR: ___<br>GR.: ___<\/a><\/div><\/figure>\n<\/div>\n\n\n\n<div class=\"wp-block-column is-layout-flow wp-block-column-is-layout-flow\">\n<figure class=\"wp-block-image wp-image2200\"><p><\/p><div class=\"text334\"><a href=\"http:\/\/a2.arch.pk.edu.pl\/s-r-projekt-st-ii-sem2\/\">SPORT&nbsp;I REKREACJA<br>AUTOR: ___<br>GR.: ___<\/a><\/div><\/figure>\n<\/div>\n\n\n\n<div class=\"wp-block-column is-layout-flow wp-block-column-is-layout-flow\">\n<figure class=\"wp-block-image wp-image3141\"><p><\/p><div class=\"text334\"><a href=\"http:\/\/a2.arch.pk.edu.pl\/u-p-projekt-st-ii-sem2\/\">Arch.Urb.II&nbsp;Sem.2, St.II<br><strong>U\u017bYTECZNO\u015a\u0106 PUBLICZNA<\/strong><br>&nbsp;\n<br>AUTOR:&nbsp;J.&nbsp;SUSKA; D.&nbsp;TARNAWSKA<br>GR.: DR A.&nbsp;POR\u0118BSKA<br>Rok 2020\/21<\/a><\/div><\/figure>\n<\/div>\n\n\n\n<div class=\"wp-block-column is-layout-flow wp-block-column-is-layout-flow\">\n<figure class=\"wp-block-image wp-image4100\"><p><\/p><div class=\"text334\"><\/div><\/figure>\n<\/div>\n<\/div>\n\n\n\n<div class=\"wp-block-columns is-layout-flex wp-container-core-columns-is-layout-8 wp-block-columns-is-layout-flex\">\n<div class=\"wp-block-column is-layout-flow wp-block-column-is-layout-flow\">\n<figure class=\"wp-block-image wp-image962\"><p><\/p><div class=\"text334\"><a href=\"http:\/\/a2.arch.pk.edu.pl\/category\/projektowanie-dyplomowe-st-i\/\"><strong>Projekty Studenckie &gt;&gt;&gt;<\/strong><\/a><\/div><\/figure>\n<\/div>\n\n\n\n<div class=\"wp-block-column is-layout-flow wp-block-column-is-layout-flow\">\n<figure class=\"wp-block-image wp-image1151\"><p><\/p><div class=\"text334\"><a href=\"http:\/\/a2.arch.pk.edu.pl\/a-p-projektowanie-dyplomowe-st-i\/\">Proj.&nbsp;Dyplomowe, St.I<br><strong>Architektura Przemys\u0142owa<\/strong><br>&nbsp;\n<br>AUTOR:&nbsp;M. Brdej<br>Rok 2019\/20<\/a><\/div><\/figure>\n<\/div>\n\n\n\n<div class=\"wp-block-column is-layout-flow wp-block-column-is-layout-flow\">\n<figure class=\"wp-block-image wp-image900\"><p><\/p><div class=\"text334\"><a href=\"http:\/\/a2.arch.pk.edu.pl\/s-r-projektowanie-dyplomowe-st-i\/\">SPORT&nbsp;I REKREACJA<br>AUTOR: ___<br>GR.: ___<\/a><\/div><\/figure>\n<\/div>\n\n\n\n<div class=\"wp-block-column is-layout-flow wp-block-column-is-layout-flow\">\n<figure class=\"wp-block-image wp-image900\"><p><\/p><div class=\"text334\"><a href=\"http:\/\/a2.arch.pk.edu.pl\/s-r-projektowanie-dyplomowe-st-i\/\">SPORT&nbsp;I REKREACJA<br>AUTOR: ___<br>GR.: ___<\/a><\/div><\/figure>\n<\/div>\n<\/div>\n\n\n\n<div class=\"wp-block-columns is-layout-flex wp-container-core-columns-is-layout-9 wp-block-columns-is-layout-flex\">\n<div class=\"wp-block-column is-layout-flow wp-block-column-is-layout-flow\">\n<figure class=\"wp-block-image wp-image3151\"><p><\/p><div class=\"text334\"><a href=\"http:\/\/a2.arch.pk.edu.pl\/u-p-projektowanie-dyplomowe-st-i\/\">Proj.&nbsp;Dyplomowe, St.I<br><strong>U\u017bYTECZNO\u015a\u0106 PUBLICZNA<\/strong><br>&nbsp;\n<br>AUTOR:&nbsp;P. WIERZCHANOWSKA<br>Rok 2019\/20<\/a><\/div><\/figure>\n<\/div>\n\n\n\n<div class=\"wp-block-column is-layout-flow wp-block-column-is-layout-flow\">\n<figure class=\"wp-block-image wp-image3152\"><p><\/p><div class=\"text334\"><a href=\"http:\/\/a2.arch.pk.edu.pl\/u-p-projektowanie-dyplomowe-st-i\/#d-madej\">Proj.&nbsp;Dyplomowe, St.I<br><strong>U\u017bYTECZNO\u015a\u0106 PUBLICZNA<\/strong><br>&nbsp;\n<br>AUTOR:&nbsp;D. Madej<br>Rok 2020\/21<\/a><\/div><\/figure>\n<\/div>\n\n\n\n<div class=\"wp-block-column is-layout-flow wp-block-column-is-layout-flow\">\n<figure class=\"wp-block-image wp-image4151\"><p><\/p><div class=\"text334\"><a href=\"http:\/\/a2.arch.pk.edu.pl\/w-r-projektowanie-dyplomowe-st-i\/\">Proj.&nbsp;Dyplomowe, St.I<br><strong>WSP\u00d3\u0141CZESNY REGIONALIZM<\/strong><br>&nbsp;\n<br>Autor:&nbsp;K. \u0141ysejko<br>Rok 2020\/21<\/a><\/div><\/figure>\n<\/div>\n\n\n\n<div class=\"wp-block-column is-layout-flow wp-block-column-is-layout-flow\">\n<figure class=\"wp-block-image wp-image900\"><p><\/p><div class=\"text334\"><a href=\"http:\/\/a2.arch.pk.edu.pl\/w-r-projektowanie-dyplomowe-st-i\/\">WSP\u00d3\u0141CZESNY REGIONALIZM\n<br>Autor: ___\n<br>Gr.: ___<\/a><\/div><\/figure>\n<\/div>\n<\/div>\n\n\n\n<div class=\"wp-block-columns is-layout-flex wp-container-core-columns-is-layout-10 wp-block-columns-is-layout-flex\">\n<div class=\"wp-block-column is-layout-flow wp-block-column-is-layout-flow\">\n<figure class=\"wp-block-image wp-image991\"><p><\/p><div class=\"text334\"><a href=\"http:\/\/a2.arch.pk.edu.pl\/category\/projektowanie-dyplomowe-st-ii\/\"><strong>Projekty Studenckie &gt;&gt;&gt;<\/strong><\/a><\/div><\/figure>\n<\/div>\n\n\n\n<div class=\"wp-block-column is-layout-flow wp-block-column-is-layout-flow\">\n<figure class=\"wp-block-image wp-image1191\"><p><\/p><div class=\"text334\"><a href=\"http:\/\/a2.arch.pk.edu.pl\/a-p-projektowanie-dyplomowe-st-ii\/\">Proj.&nbsp;Dyplomowe, St.II<br><strong>Architektura Przemy\u015b\u0142owa<\/strong><br>&nbsp;\n<br>AUTOR: D.&nbsp;TRAN, A.&nbsp;\u015aLIWA, T.&nbsp;SZARANIEC<br>Rok 2018\/19<\/a><\/div><\/figure>\n<\/div>\n\n\n\n<div class=\"wp-block-column is-layout-flow wp-block-column-is-layout-flow\">\n<figure class=\"wp-block-image wp-image900\"><p><\/p><div class=\"text334\"><a href=\"http:\/\/a2.arch.pk.edu.pl\/a-p-projektowanie-dyplomowe-st-ii\/\"><strong>Projekty Studenckie &gt;&gt;&gt;<\/strong><\/a><\/div><\/figure>\n<\/div>\n\n\n\n<div class=\"wp-block-column is-layout-flow wp-block-column-is-layout-flow\">\n<figure class=\"wp-block-image wp-image900\"><p><\/p><div class=\"text334\"><a href=\"http:\/\/a2.arch.pk.edu.pl\/a-p-projektowanie-dyplomowe-st-ii\/\">Proj.&nbsp;Dyplomowe, St.II<br><strong>Architektura Przemy\u015b\u0142owa<\/strong><br>&nbsp;\n<br>AUTOR: D.&nbsp;TRAN, A.&nbsp;\u015aLIWA, T.&nbsp;SZARANIEC<br>Rok 2018\/19<\/a><\/div><\/figure>\n<\/div>\n<\/div>\n\n\n\n<div class=\"wp-block-columns is-layout-flex wp-container-core-columns-is-layout-11 wp-block-columns-is-layout-flex\">\n<div class=\"wp-block-column is-layout-flow wp-block-column-is-layout-flow\">\n<figure class=\"wp-block-image wp-image3191\"><p><\/p><div class=\"text334\"><a href=\"http:\/\/a2.arch.pk.edu.pl\/u-p-projektowanie-dyplomowe-st-ii\/\">Proj.&nbsp;Dyplomowe, St.II<br><strong>U\u017bYTECZNO\u015a\u0106 PUBLICZNA<\/strong><br>&nbsp;\n<br>AUTOR: M.&nbsp;MICHALAK<br>Rok 2019\/20<\/a><\/div><\/figure>\n<\/div>\n\n\n\n<div class=\"wp-block-column is-layout-flow wp-block-column-is-layout-flow\">\n<figure class=\"wp-block-image wp-image3192\"><p><\/p><div class=\"text334\"><a href=\"http:\/\/a2.arch.pk.edu.pl\/u-p-projektowanie-dyplomowe-st-ii\/#m-wojtanek\">Proj.&nbsp;Dyplomowe, St.II<br><strong>U\u017bYTECZNO\u015a\u0106 PUBLICZNA<\/strong><br>&nbsp;\n<br>AUTOR: M.&nbsp;Wojtanek<br>Rok 2019\/20<\/a><\/div><\/figure>\n<\/div>\n\n\n\n<div class=\"wp-block-column is-layout-flow wp-block-column-is-layout-flow\">\n<figure class=\"wp-block-image wp-image900\"><p><\/p><div class=\"text334\"><a href=\"http:\/\/a2.arch.pk.edu.pl\/u-p-projektowanie-dyplomowe-st-ii\/\">Proj.&nbsp;Dyplomowe, St.II<br><strong>U\u017bYTECZNO\u015a\u0106 PUBLICZNA<\/strong><br>&nbsp;\n<br>AUTOR: M.&nbsp;MICHALAK<br>Rok 2019\/20<\/a><\/div><\/figure>\n<\/div>\n\n\n\n<div class=\"wp-block-column is-layout-flow wp-block-column-is-layout-flow\">\n<figure class=\"wp-block-image wp-image900\"><p><\/p><div class=\"text334\"><a href=\"http:\/\/a2.arch.pk.edu.pl\/w-r-projektowanie-dyplomowe-st-ii\/\">WSP\u00d3\u0141CZESNY REGIONALIZM\n<br>Autor: ___\n<br>Gr.: ___<\/a><\/div><\/figure>\n<\/div>\n<\/div>\n\n\n\n<div class=\"wp-block-columns is-layout-flex wp-container-core-columns-is-layout-12 wp-block-columns-is-layout-flex\">\n<div class=\"wp-block-column is-layout-flow wp-block-column-is-layout-flow\">\n<figure class=\"wp-block-image wp-image1001\"><p><\/p><div class=\"text334\"><a href=\"http:\/\/a2.arch.pk.edu.pl\/category\/a-p-projekty\/\"><strong>Projekty Studenckie &gt;&gt;&gt;<\/strong><\/a><\/div><\/figure>\n<\/div>\n\n\n\n<div class=\"wp-block-column is-layout-flow wp-block-column-is-layout-flow\">\n<figure class=\"wp-block-image wp-image2001\"><p><\/p><div class=\"text334\"><a href=\"http:\/\/a2.arch.pk.edu.pl\/category\/s-r-projekty\/\"><strong>Projekty Studenckie &gt;&gt;&gt;<\/strong><\/a><\/div><\/figure>\n<\/div>\n\n\n\n<div class=\"wp-block-column is-layout-flow wp-block-column-is-layout-flow\">\n<figure class=\"wp-block-image wp-image3001\"><p><\/p><div class=\"text334\"><a href=\"http:\/\/a2.arch.pk.edu.pl\/category\/u-p-projekty\/\"><strong>Projekty Studenckie &gt;&gt;&gt;<\/strong><\/a><\/div><\/figure>\n<\/div>\n\n\n\n<div class=\"wp-block-column is-layout-flow wp-block-column-is-layout-flow\">\n<figure class=\"wp-block-image wp-image4001\"><p><\/p><div class=\"text334\"><a href=\"http:\/\/a2.arch.pk.edu.pl\/category\/w-r-projekty\/\"><strong>Projekty Studenckie &gt;&gt;&gt;<\/strong><\/a><\/div><\/figure>\n<\/div>\n<\/div>\n\n\n\n<p><\/p>\n","protected":false},"excerpt":{"rendered":"<p>Projekty Studenckie &gt;&gt;&gt; Projekty Studenckie &gt;&gt;&gt; SPORT&nbsp;I REKREACJAAUTOR: ___GR.: ___ U\u017bYTECZNO\u015a\u0106 PUBLICZNA AUTOR: ___GR.: ___ WSP\u00d3\u0141CZESNY REGIONALIZM Autor: ___ Gr.: ___ Projekty Studenckie &gt;&gt;&gt; SPORT&nbsp;I&hellip;<\/p>\n","protected":false},"author":2,"featured_media":0,"parent":0,"menu_order":0,"comment_status":"closed","ping_status":"closed","template":"","meta":{"footnotes":""},"class_list":["post-4109","page","type-page","status-publish","hentry"],"_links":{"self":[{"href":"http:\/\/a2.arch.pk.edu.pl\/en\/wp-json\/wp\/v2\/pages\/4109","targetHints":{"allow":["GET"]}}],"collection":[{"href":"http:\/\/a2.arch.pk.edu.pl\/en\/wp-json\/wp\/v2\/pages"}],"about":[{"href":"http:\/\/a2.arch.pk.edu.pl\/en\/wp-json\/wp\/v2\/types\/page"}],"author":[{"embeddable":true,"href":"http:\/\/a2.arch.pk.edu.pl\/en\/wp-json\/wp\/v2\/users\/2"}],"replies":[{"embeddable":true,"href":"http:\/\/a2.arch.pk.edu.pl\/en\/wp-json\/wp\/v2\/comments?post=4109"}],"version-history":[{"count":194,"href":"http:\/\/a2.arch.pk.edu.pl\/en\/wp-json\/wp\/v2\/pages\/4109\/revisions"}],"predecessor-version":[{"id":6655,"href":"http:\/\/a2.arch.pk.edu.pl\/en\/wp-json\/wp\/v2\/pages\/4109\/revisions\/6655"}],"wp:attachment":[{"href":"http:\/\/a2.arch.pk.edu.pl\/en\/wp-json\/wp\/v2\/media?parent=4109"}],"curies":[{"name":"wp","href":"https:\/\/api.w.org\/{rel}","templated":true}]}}