{"id":6701,"date":"2021-11-02T15:56:28","date_gmt":"2021-11-02T14:56:28","guid":{"rendered":"http:\/\/a2.arch.pk.edu.pl\/?page_id=6701"},"modified":"2021-11-02T16:20:18","modified_gmt":"2021-11-02T15:20:18","slug":"zespoltest","status":"publish","type":"page","link":"http:\/\/a2.arch.pk.edu.pl\/en\/zespoltest\/","title":{"rendered":"Test_Zesp\u00f3\u0142"},"content":{"rendered":"\n<div class=\"wp-block-columns is-layout-flex wp-container-core-columns-is-layout-1 wp-block-columns-is-layout-flex\">\n<div class=\"wp-block-column is-layout-flow wp-block-column-is-layout-flow\">\n<figure class=\"wp-block-image wp-image101\"><p><\/p><div class=\"text333\"><a href=\"http:\/\/a2.arch.pk.edu.pl\/zespol-tomasz-kapecki\">Kierownik&nbsp;Katedry<br>Dr&nbsp;hab. in\u017c.&nbsp;arch.<br><strong>Tomasz&nbsp;Kapecki<\/strong>, Prof.&nbsp;Pk<br>&nbsp;<br>tomasz.kapecki<br>@pk.edu.pl<br>vita &gt;&gt;&gt;<\/a><\/div><p><\/p><\/figure>\n<\/div>\n\n\n\n<div class=\"wp-block-column is-layout-flow wp-block-column-is-layout-flow\">\n<figure class=\"wp-block-image wp-image102\"><p><\/p><div class=\"text333\"><a href=\"http:\/\/a2.arch.pk.edu.pl\/zespol-anna-porebska\">Z-ca Kierownika&nbsp;Katedry<br>Dr&nbsp;in\u017c.&nbsp;arch.<br><strong>Anna&nbsp;Por\u0119bska<\/strong><br>&nbsp;<br>anna.porebska<br>@pk.edu.pl<br>vita &gt;&gt;&gt;<\/a><\/div><p><\/p><\/figure>\n<\/div>\n\n\n\n<div class=\"wp-block-column is-layout-flow wp-block-column-is-layout-flow\">\n<figure class=\"wp-block-image wp-image103\"><p><\/p><div class=\"text333\"><a href=\"http:\/\/a2.arch.pk.edu.pl\/zespol-maciej-zlowodzki\">Prof. Dr&nbsp;hab. in\u017c.&nbsp;arch.<br><strong>Maciej&nbsp;Z\u0142owodzki<\/strong><br>&nbsp;<br>maciej.zlowodzki<br>@pk.edu.pl<br>vita &gt;&gt;&gt;<\/a><\/div><p><\/p><\/figure>\n<\/div>\n\n\n\n<div class=\"wp-block-column is-layout-flow wp-block-column-is-layout-flow\">\n<figure class=\"wp-block-image wp-image104\"><p><\/p><div class=\"text333\"><a href=\"http:\/\/a2.arch.pk.edu.pl\/zespol-piotr-gajewski\">Dr&nbsp;hab. in\u017c.&nbsp;arch.<br><strong>Piotr&nbsp;Gajewski<\/strong>, Prof.&nbsp;Pk<br>&nbsp;<br>piotr.gajewski<br>@pk.edu.pl<br>vita &gt;&gt;&gt;<\/a><\/div><p><\/p><\/figure>\n<\/div>\n<\/div>\n\n\n\n<div class=\"wp-block-columns is-layout-flex wp-container-core-columns-is-layout-2 wp-block-columns-is-layout-flex\">\n<div class=\"wp-block-column is-layout-flow wp-block-column-is-layout-flow\">\n<figure class=\"wp-block-image wp-image105\"><p><\/p><div class=\"text333\"><a href=\"http:\/\/a2.arch.pk.edu.pl\/zespol-piotr-winskowski\">Dr&nbsp;hab. in\u017c.&nbsp;arch.<br><strong>Piotr&nbsp;Winskowski<\/strong>, Prof.&nbsp;Pk<br>&nbsp;<br>piotr.winskowski<br>@pk.edu.pl<br>vita &gt;&gt;&gt;<\/a><\/div><p><\/p><\/figure>\n<\/div>\n\n\n\n<div class=\"wp-block-column is-layout-flow wp-block-column-is-layout-flow\">\n<figure class=\"wp-block-image wp-image106\"><p><\/p><div class=\"text333\"><a href=\"http:\/\/a2.arch.pk.edu.pl\/zespol-kazimierz-butelski\">Dr&nbsp;hab. in\u017c.&nbsp;arch.<br><strong>Kazimierz&nbsp;Butelski<\/strong>, Prof.&nbsp;Pk<br>&nbsp;<br>kazimierz.butelski<br>@pk.edu.pl<br>vita &gt;&gt;&gt;<\/a><\/div><p><\/p><\/figure>\n<\/div>\n\n\n\n<div class=\"wp-block-column is-layout-flow wp-block-column-is-layout-flow\">\n<figure class=\"wp-block-image wp-image107\"><p><\/p><div class=\"text333\"><a href=\"http:\/\/a2.arch.pk.edu.pl\/zespol-bartosz-dendura\">Dr&nbsp;in\u017c.&nbsp;arch.<br><strong>Bartosz&nbsp;Dendura<\/strong><br>&nbsp;<br>bartosz.dendura<br>@pk.edu.pl<br>vita &gt;&gt;&gt;<\/a><\/div><p><\/p><\/figure>\n<\/div>\n\n\n\n<div class=\"wp-block-column is-layout-flow wp-block-column-is-layout-flow\">\n<figure class=\"wp-block-image wp-image108\"><p><\/p><div class=\"text333\"><a href=\"http:\/\/a2.arch.pk.edu.pl\/zespol-manezha-dost\">Dr&nbsp;in\u017c.&nbsp;arch.<br><strong>Manezha&nbsp;Dost<\/strong><br>&nbsp;<br>manezha.dost<br>@pk.edu.pl<br>vita &gt;&gt;&gt;<\/a><\/div><p><\/p><\/figure>\n<\/div>\n<\/div>\n\n\n\n<div class=\"wp-block-columns is-layout-flex wp-container-core-columns-is-layout-3 wp-block-columns-is-layout-flex\">\n<div class=\"wp-block-column is-layout-flow wp-block-column-is-layout-flow\">\n<figure class=\"wp-block-image wp-image109\"><p><\/p><div class=\"text333\"><a href=\"http:\/\/a2.arch.pk.edu.pl\/zespol-angelika-lasiewicz-sych\">Dr&nbsp;in\u017c.&nbsp;arch.<br><strong>Angelika&nbsp;Lasiewicz-Sych<\/strong><br>&nbsp;<br>angelika.lasiewicz-sych<br>@pk.edu.pl<br>vita &gt;&gt;&gt;<\/a><\/div><p><\/p><\/figure>\n<\/div>\n\n\n\n<div class=\"wp-block-column is-layout-flow wp-block-column-is-layout-flow\">\n<figure class=\"wp-block-image wp-image110\"><p><\/p><div class=\"text333\"><a href=\"http:\/\/a2.arch.pk.edu.pl\/zespol-marta-lukasik\">Dr&nbsp;in\u017c.&nbsp;arch.<br><strong>Marta&nbsp;\u0141ukasik<\/strong><br>&nbsp;<br>marta.lukasik<br>@pk.edu.pl<br>vita &gt;&gt;&gt;<\/a><\/div><p><\/p><\/figure>\n<\/div>\n\n\n\n<div class=\"wp-block-column is-layout-flow wp-block-column-is-layout-flow\">\n<figure class=\"wp-block-image wp-image111\"><p><\/p><div class=\"text333\"><a href=\"http:\/\/a2.arch.pk.edu.pl\/zespol-lukas-olma\">Dr&nbsp;in\u017c.&nbsp;arch.<br><strong>Lukas&nbsp;Patrick&nbsp;Olma<\/strong>, MA&nbsp;Arch.<br>&nbsp;<br>lukas.olma<br>@pk.edu.pl<br>vita &gt;&gt;&gt;<\/a><\/div><p><\/p><\/figure>\n<\/div>\n\n\n\n<div class=\"wp-block-column is-layout-flow wp-block-column-is-layout-flow\">\n<figure class=\"wp-block-image wp-image112\"><p><\/p><div class=\"text333\"><a href=\"http:\/\/a2.arch.pk.edu.pl\/zespol-anna-taczalska-ryniak\">Dr&nbsp;in\u017c.&nbsp;arch.<br><strong>Anna&nbsp;Taczalska-Ryniak<\/strong><br>&nbsp;<br>anna.taczalska<br>@pk.edu.pl<br>vita &gt;&gt;&gt;<\/a><\/div><p><\/p><\/figure>\n<\/div>\n<\/div>\n\n\n\n<div class=\"wp-block-columns is-layout-flex wp-container-core-columns-is-layout-4 wp-block-columns-is-layout-flex\">\n<div class=\"wp-block-column is-layout-flow wp-block-column-is-layout-flow\">\n<figure class=\"wp-block-image wp-image113\"><p><\/p><div class=\"text333\"><a href=\"http:\/\/a2.arch.pk.edu.pl\/zespol-andrzej-wiszowaty\">Dr&nbsp;in\u017c.&nbsp;arch.<br><strong>Andrzej&nbsp;Wiszowaty<\/strong><br>&nbsp;<br>andrzej.wizowaty<br>@pk.edu.pl<br>vita &gt;&gt;&gt;<\/a><\/div><p><\/p><\/figure>\n<\/div>\n\n\n\n<div class=\"wp-block-column is-layout-flow wp-block-column-is-layout-flow\">\n<figure class=\"wp-block-image wp-image114\"><p><\/p><div class=\"text333\"><a href=\"http:\/\/a2.arch.pk.edu.pl\/zespol-katarzyna-zawada-pegiel\">Dr&nbsp;in\u017c.&nbsp;arch.<br><strong>Katarzyna&nbsp;Zawada-P\u0119giel<\/strong><br>&nbsp;<br>katarzyna.zawada<br>@pk.edu.pl<br>vita &gt;&gt;&gt;<\/a><\/div><p><\/p><\/figure>\n<\/div>\n\n\n\n<div class=\"wp-block-column is-layout-flow wp-block-column-is-layout-flow\">\n<figure class=\"wp-block-image wp-image115\"><p><\/p><div class=\"text333\"><a href=\"http:\/\/a2.arch.pk.edu.pl\/zespol-aleksandra-brach\">Mgr&nbsp;in\u017c.&nbsp;arch.<br><strong>Aleksandra&nbsp;Brach<\/strong><br>&nbsp;<br>aleksandra.brach<br>@pk.edu.pl<br>vita &gt;&gt;&gt;<\/a><\/div><p><\/p><\/figure>\n<\/div>\n\n\n\n<div class=\"wp-block-column is-layout-flow wp-block-column-is-layout-flow\">\n<figure class=\"wp-block-image wp-image116\"><p><\/p><div class=\"text333\"><a href=\"http:\/\/a2.arch.pk.edu.pl\/zespol-marek-bystron\">Mgr&nbsp;in\u017c.&nbsp;arch.<br><strong>Marek&nbsp;Bystro\u0144<\/strong><br>&nbsp;<br>marek.bystron<br>@pk.edu.pl<br>vita &gt;&gt;&gt;<\/a><\/div><p><\/p><\/figure>\n<\/div>\n<\/div>\n\n\n\n<div class=\"wp-block-columns is-layout-flex wp-container-core-columns-is-layout-5 wp-block-columns-is-layout-flex\">\n<div class=\"wp-block-column is-layout-flow wp-block-column-is-layout-flow\">\n<figure class=\"wp-block-image wp-image117\"><p><\/p><div class=\"text333\"><a href=\"http:\/\/a2.arch.pk.edu.pl\/zespol-wojciech-dulinski\">Mgr&nbsp;in\u017c.&nbsp;arch.<br><strong>Wojciech&nbsp;Duli\u0144ski<\/strong><br>&nbsp;<br>wojciech.dulinski<br>@pk.edu.pl<br>vita &gt;&gt;&gt;<\/a><\/div><p><\/p><\/figure>\n<\/div>\n\n\n\n<div class=\"wp-block-column is-layout-flow wp-block-column-is-layout-flow\">\n<figure class=\"wp-block-image wp-image118\"><p><\/p><div class=\"text333\"><a href=\"http:\/\/a2.arch.pk.edu.pl\/zespol-marcin-kulpa\">Mgr&nbsp;in\u017c.&nbsp;arch.<br><strong>Marcin&nbsp;Kulpa<\/strong><br>&nbsp;<br>marcin.kulpa<br>@pk.edu.pl<br>vita &gt;&gt;&gt;<\/a><\/div><p><\/p><\/figure>\n<\/div>\n\n\n\n<div class=\"wp-block-column is-layout-flow wp-block-column-is-layout-flow\">\n<figure class=\"wp-block-image wp-image119\"><p><\/p><div class=\"text333\"><a href=\"http:\/\/a2.arch.pk.edu.pl\/zespol-klaudia-oleksy\">Mgr&nbsp;in\u017c.&nbsp;arch.<br><strong>Klaudia&nbsp;Oleksy<\/strong><br>&nbsp;<br>klaudia.oleksy<br>@pk.edu.pl<br>vita &gt;&gt;&gt;<\/a><\/div><p><\/p><\/figure>\n<\/div>\n\n\n\n<div class=\"wp-block-column is-layout-flow wp-block-column-is-layout-flow\">\n<figure class=\"wp-block-image wp-image120\"><p><\/p><div class=\"text333\"><a href=\"http:\/\/a2.arch.pk.edu.pl\/zespol-ewelina-panasiuk\">Mgr&nbsp;in\u017c.&nbsp;arch.<br><strong>Ewelina&nbsp;Panasiuk<\/strong><br>&nbsp;<br>ewelina.panasiuk<br>@pk.edu.pl<br>vita &gt;&gt;&gt;<\/a><\/div><p><\/p><\/figure>\n<\/div>\n<\/div>\n\n\n\n<div class=\"wp-block-columns is-layout-flex wp-container-core-columns-is-layout-6 wp-block-columns-is-layout-flex\">\n<div class=\"wp-block-column is-layout-flow wp-block-column-is-layout-flow\">\n<figure class=\"wp-block-image wp-image121\"><p><\/p><div class=\"text333\"><a href=\"http:\/\/a2.arch.pk.edu.pl\/zespol-leszek-pilat\">Mgr&nbsp;in\u017c.&nbsp;arch.<br><strong>Leszek&nbsp;Pilat<\/strong><br>&nbsp;<br>leszek.pilat<br>@pk.edu.pl<br>vita &gt;&gt;&gt;<\/a><\/div><p><\/p><\/figure>\n<\/div>\n\n\n\n<div class=\"wp-block-column is-layout-flow wp-block-column-is-layout-flow\">\n<figure class=\"wp-block-image wp-image122\"><p><\/p><div class=\"text333\"><a href=\"http:\/\/a2.arch.pk.edu.pl\/zespol-Izabela-placzek\">Mgr<br><strong>Izabela&nbsp;P\u0142aczek<\/strong><br>&nbsp;<br>izabela.placzek<br>@pk.edu.pl<br>vita &gt;&gt;&gt;<\/a><\/div><p><\/p><\/figure>\n<\/div>\n\n\n\n<div class=\"wp-block-column is-layout-flow wp-block-column-is-layout-flow\"><\/div>\n\n\n\n<div class=\"wp-block-column is-layout-flow wp-block-column-is-layout-flow\"><\/div>\n<\/div>\n\n\n\n<p>fff<\/p>\n\n\n\n<div class=\"wp-block-columns is-layout-flex wp-container-core-columns-is-layout-7 wp-block-columns-is-layout-flex\">\n<div class=\"wp-block-column is-layout-flow wp-block-column-is-layout-flow\">\n<figure class=\"wp-block-image wp-image201\"><a href=\"http:\/\/a2.arch.pk.edu.pl\/\"><img decoding=\"async\" src=\"http:\/\/a2.arch.pk.edu.pl\/wp-content\/uploads\/2021\/05\/person-silhouette-akt.png\" alt=\"\"\/><\/a><\/figure>\n\n\n\n<p><br><a href=\"http:\/\/a2.arch.pk.edu.pl\/\">Dr hab. in\u017c. arch.<br><font size=\"2\"><strong>Tomasz&nbsp;Kapecki<\/strong><\/font>, Prof. Pk<br>Sport i Rekreacja<br>Kierownik Katedry\n\n<\/a><\/p>\n<\/div>\n\n\n\n<div class=\"wp-block-column is-layout-flow wp-block-column-is-layout-flow\">\n<figure class=\"wp-block-image wp-image202\"><a href=\"http:\/\/a2.arch.pk.edu.pl\/\"><img decoding=\"async\" src=\"http:\/\/a2.arch.pk.edu.pl\/wp-content\/uploads\/2021\/05\/person-silhouette-akt.png\" alt=\"\"\/><\/a><\/figure>\n\n\n\n<p><br><a href=\"http:\/\/a2.arch.pk.edu.pl\/\">Dr in\u017c. arch.<br><font size=\"2\"><strong>Anna&nbsp;Por\u0119bska<\/strong><\/font><br>U\u017bYTECZNO\u015a\u0107 PUBLICZNa<br>Za-Kierownika Katedry<\/a><\/p>\n<\/div>\n\n\n\n<div class=\"wp-block-column is-layout-flow wp-block-column-is-layout-flow\">\n<figure class=\"wp-block-image wp-image203\"><a href=\"http:\/\/a2.arch.pk.edu.pl\/\"><img decoding=\"async\" src=\"http:\/\/a2.arch.pk.edu.pl\/wp-content\/uploads\/2021\/05\/person-silhouette-akt.png\" alt=\"\"\/><\/a><\/figure>\n\n\n\n<p><br><a href=\"http:\/\/a2.arch.pk.edu.pl\/\">Prof. dr hab. in\u017c. arch.<br><font size=\"2\"><strong>Maciej&nbsp;Z\u0142owodzki<\/strong><\/font><br>Sport i Rekreacja<br>Kierownik Zesp\u00f3\u0142u A.P.<\/a><\/p>\n<\/div>\n\n\n\n<div class=\"wp-block-column is-layout-flow wp-block-column-is-layout-flow\">\n<figure class=\"wp-block-image wp-image204\"><a href=\"http:\/\/a2.arch.pk.edu.pl\/\"><img decoding=\"async\" src=\"http:\/\/a2.arch.pk.edu.pl\/wp-content\/uploads\/2021\/05\/person-silhouette-akt.png\" alt=\"\"\/><\/a><\/figure>\n\n\n\n<p><br><a href=\"http:\/\/a2.arch.pk.edu.pl\/\">Dr hab. in\u017c. arch.<br><font size=\"2\"><strong>Piotr&nbsp;Burak-Gajewski<\/strong><\/font>, Prof. Pk<br>U\u017bYTECZNO\u015a\u0107 PUBLICZNa<br>Kierownik Zesp\u00f3\u0142u U.P.<\/a><\/p>\n<\/div>\n<\/div>\n\n\n\n<div class=\"wp-block-columns is-layout-flex wp-container-core-columns-is-layout-8 wp-block-columns-is-layout-flex\">\n<div class=\"wp-block-column is-layout-flow wp-block-column-is-layout-flow\">\n<figure class=\"wp-block-image wp-image205\"><a href=\"http:\/\/a2.arch.pk.edu.pl\/\"><img decoding=\"async\" src=\"http:\/\/a2.arch.pk.edu.pl\/wp-content\/uploads\/2021\/05\/person-silhouette-akt.png\" alt=\"\"\/><\/a><\/figure>\n\n\n\n<p><\/p>\n<\/div>\n\n\n\n<div class=\"wp-block-column is-layout-flow wp-block-column-is-layout-flow\">\n<figure class=\"wp-block-image wp-image206\"><a href=\"http:\/\/a2.arch.pk.edu.pl\/\"><img decoding=\"async\" src=\"http:\/\/a2.arch.pk.edu.pl\/wp-content\/uploads\/2021\/05\/person-silhouette-akt.png\" alt=\"\"\/><\/a><\/figure>\n\n\n\n<p><\/p>\n<\/div>\n\n\n\n<div class=\"wp-block-column is-layout-flow wp-block-column-is-layout-flow\">\n<figure class=\"wp-block-image wp-image207\"><a href=\"http:\/\/a2.arch.pk.edu.pl\/\"><img decoding=\"async\" src=\"http:\/\/a2.arch.pk.edu.pl\/wp-content\/uploads\/2021\/05\/b_dendura.jpg\" alt=\"\"\/><\/a><\/figure>\n\n\n\n<p><\/p>\n<\/div>\n\n\n\n<div class=\"wp-block-column is-layout-flow wp-block-column-is-layout-flow\">\n<figure class=\"wp-block-image wp-image208\"><a href=\"http:\/\/a2.arch.pk.edu.pl\/\"><img decoding=\"async\" src=\"http:\/\/a2.arch.pk.edu.pl\/wp-content\/uploads\/2021\/05\/person-silhouette-akt.png\" alt=\"\"\/><\/a><\/figure>\n\n\n\n<p><\/p>\n<\/div>\n<\/div>\n\n\n\n<div class=\"wp-block-columns is-layout-flex wp-container-core-columns-is-layout-9 wp-block-columns-is-layout-flex\">\n<div class=\"wp-block-column is-layout-flow wp-block-column-is-layout-flow\">\n<figure class=\"wp-block-image wp-image209\"><a href=\"http:\/\/a2.arch.pk.edu.pl\/\"><img decoding=\"async\" src=\"http:\/\/a2.arch.pk.edu.pl\/wp-content\/uploads\/2021\/05\/person-silhouette-akt.png\" alt=\"\"\/><\/a><\/figure>\n<\/div>\n\n\n\n<div class=\"wp-block-column is-layout-flow wp-block-column-is-layout-flow\">\n<figure class=\"wp-block-image wp-image210\"><a href=\"http:\/\/a2.arch.pk.edu.pl\/\"><img decoding=\"async\" src=\"http:\/\/a2.arch.pk.edu.pl\/wp-content\/uploads\/2021\/05\/person-silhouette-akt.png\" alt=\"\"\/><\/a><\/figure>\n<\/div>\n\n\n\n<div class=\"wp-block-column is-layout-flow wp-block-column-is-layout-flow\">\n<figure class=\"wp-block-image wp-image211\"><a href=\"http:\/\/a2.arch.pk.edu.pl\/\"><img decoding=\"async\" src=\"http:\/\/a2.arch.pk.edu.pl\/wp-content\/uploads\/2021\/05\/person-silhouette-akt.png\" alt=\"\"\/><\/a><\/figure>\n<\/div>\n\n\n\n<div class=\"wp-block-column is-layout-flow wp-block-column-is-layout-flow\">\n<figure class=\"wp-block-image wp-image212\"><a href=\"http:\/\/a2.arch.pk.edu.pl\/\"><img decoding=\"async\" src=\"http:\/\/a2.arch.pk.edu.pl\/wp-content\/uploads\/2021\/05\/person-silhouette-akt.png\" alt=\"\"\/><\/a><\/figure>\n<\/div>\n<\/div>\n","protected":false},"excerpt":{"rendered":"<p>Kierownik&nbsp;KatedryDr&nbsp;hab. in\u017c.&nbsp;arch.Tomasz&nbsp;Kapecki, Prof.&nbsp;Pk&nbsp;tomasz.kapecki@pk.edu.plvita &gt;&gt;&gt; Z-ca Kierownika&nbsp;KatedryDr&nbsp;in\u017c.&nbsp;arch.Anna&nbsp;Por\u0119bska&nbsp;anna.porebska@pk.edu.plvita &gt;&gt;&gt; Prof. Dr&nbsp;hab. in\u017c.&nbsp;arch.Maciej&nbsp;Z\u0142owodzki&nbsp;maciej.zlowodzki@pk.edu.plvita &gt;&gt;&gt; Dr&nbsp;hab. in\u017c.&nbsp;arch.Piotr&nbsp;Gajewski, Prof.&nbsp;Pk&nbsp;piotr.gajewski@pk.edu.plvita &gt;&gt;&gt; Dr&nbsp;hab. in\u017c.&nbsp;arch.Piotr&nbsp;Winskowski, Prof.&nbsp;Pk&nbsp;piotr.winskowski@pk.edu.plvita &gt;&gt;&gt; Dr&nbsp;hab. in\u017c.&nbsp;arch.Kazimierz&nbsp;Butelski, Prof.&nbsp;Pk&nbsp;kazimierz.butelski@pk.edu.plvita &gt;&gt;&gt; Dr&nbsp;in\u017c.&nbsp;arch.Bartosz&nbsp;Dendura&nbsp;bartosz.dendura@pk.edu.plvita &gt;&gt;&gt;&hellip;<\/p>\n","protected":false},"author":2,"featured_media":0,"parent":0,"menu_order":0,"comment_status":"closed","ping_status":"closed","template":"","meta":{"footnotes":""},"class_list":["post-6701","page","type-page","status-publish","hentry"],"_links":{"self":[{"href":"http:\/\/a2.arch.pk.edu.pl\/en\/wp-json\/wp\/v2\/pages\/6701","targetHints":{"allow":["GET"]}}],"collection":[{"href":"http:\/\/a2.arch.pk.edu.pl\/en\/wp-json\/wp\/v2\/pages"}],"about":[{"href":"http:\/\/a2.arch.pk.edu.pl\/en\/wp-json\/wp\/v2\/types\/page"}],"author":[{"embeddable":true,"href":"http:\/\/a2.arch.pk.edu.pl\/en\/wp-json\/wp\/v2\/users\/2"}],"replies":[{"embeddable":true,"href":"http:\/\/a2.arch.pk.edu.pl\/en\/wp-json\/wp\/v2\/comments?post=6701"}],"version-history":[{"count":4,"href":"http:\/\/a2.arch.pk.edu.pl\/en\/wp-json\/wp\/v2\/pages\/6701\/revisions"}],"predecessor-version":[{"id":6717,"href":"http:\/\/a2.arch.pk.edu.pl\/en\/wp-json\/wp\/v2\/pages\/6701\/revisions\/6717"}],"wp:attachment":[{"href":"http:\/\/a2.arch.pk.edu.pl\/en\/wp-json\/wp\/v2\/media?parent=6701"}],"curies":[{"name":"wp","href":"https:\/\/api.w.org\/{rel}","templated":true}]}}