{"id":6960,"date":"2022-03-22T17:43:58","date_gmt":"2022-03-22T16:43:58","guid":{"rendered":"http:\/\/a2.arch.pk.edu.pl\/?page_id=6960"},"modified":"2022-03-22T17:51:23","modified_gmt":"2022-03-22T16:51:23","slug":"nauka","status":"publish","type":"page","link":"http:\/\/a2.arch.pk.edu.pl\/en\/nauka\/","title":{"rendered":"Nauka"},"content":{"rendered":"\n<p><strong>OFERTA US<\/strong><strong>\u0141<\/strong><strong>UG BADAWCZYCH<\/strong>&nbsp;<\/p>\n\n\n\n<ul class=\"wp-block-list\"><li>analizy, opinie i ekspertyzy z zakresu technologii pracy biurowej oraz efektywno\u015bci uk\u0142ad\u00f3w funkcjonalno-przestrzennych i wyposa\u017cenia biur, w tym przestrzeni wsp\u00f3lnych i zagospodarowania terenu w zespo\u0142ach budynk\u00f3w biurowych;&nbsp;<\/li><li>wsparcie w procesach certyfikacji budynk\u00f3w biurowych;&nbsp;<\/li><li>analizy, opinie i ekspertyzy z zakresu technologii pracy w budynkach przemys\u0142owych oraz efektywno\u015bci uk\u0142ad\u00f3w funkcjonalno-przestrzennych i wyposa\u017cenia stref og\u00f3lnodost\u0119pnych, przestrzeni socjalnych i biurowych, a tak\u017ce zasad zagospodarowania terenu;&nbsp;<\/li><li>analizy, opinie i ekspertyzy z zakresu projektowania obiekt\u00f3w sportowych, krytych i otwartych, wyposa\u017cenia stref og\u00f3lnodost\u0119pnych, przestrzeni socjalnych i biurowych, a tak\u017ce zasad zagospodarowania terenu; analiza krzywej widoczno\u015bci i prawid\u0142owego doboru element\u00f3w konstrukcyjnych o du\u017cej rozpi\u0119to\u015bci (np. przestrzenne elementy kratowe);&nbsp;<\/li><li>analizy, opinie i ekspertyzy z zakresu technologii obiekt\u00f3w sportowych oraz op\u0142acalno\u015bci inwestycji w wielkoskalow\u0105 infrastruktur\u0119 sportow\u0105;&nbsp;<\/li><li>audyty dost\u0119pno\u015bci budynk\u00f3w u\u017cyteczno\u015bci publicznej;&nbsp;<\/li><li>analizy, opinie i ekspertyzy z zakresu technologii obiekt\u00f3w s\u0142u\u017cby zdrowia, w tym obiekt\u00f3w adaptowanych na szpitale tymczasowe: <em>general adaptability assessment<\/em> (GAAT);&nbsp;<\/li><li>analizy, opinie i ekspertyzy z zakresu projektowania architektonicznego, architektoniczno-urbanistycznego, urbanistycznego i planowania przestrzennego w kontek\u015bcie zarz\u0105dzania ryzykiem;&nbsp;<\/li><li>badania typu POE (<em>Post Occupancy Evaluation<\/em>) przy pomocy kompilacji r\u00f3\u017cnych technik z zakresu psychologii \u015brodowiskowej i analizy inwentaryzacyjnej przestrzeni architektonicznej;&nbsp;<\/li><li>badania prospo\u0142ecznego potencja\u0142u \u015brodowiska architektonicznego (techniki <em>space syntax<\/em>);&nbsp;<\/li><li>badania sposobu u\u017cytkowania przestrzeni, mapy behawioralne miejsc;&nbsp;<\/li><li>badania emocjonalnego zaanga\u017cowania u\u017cytkownik\u00f3w, mapy ewaluatywne;&nbsp;<\/li><li>analizy, opinie i ekspertyzy przestrzeni publicznych (interdyscyplinarne, architektoniczne, socjologiczne);&nbsp;<\/li><li>badania z zakresu ochrony przed ha\u0142asem i drganiami.&nbsp;<\/li><\/ul>\n\n\n\n<p><\/p>\n","protected":false},"excerpt":{"rendered":"<p>OFERTA US\u0141UG BADAWCZYCH&nbsp; analizy, opinie i ekspertyzy z zakresu technologii pracy biurowej oraz efektywno\u015bci uk\u0142ad\u00f3w funkcjonalno-przestrzennych i wyposa\u017cenia biur, w tym przestrzeni wsp\u00f3lnych i zagospodarowania&hellip;<\/p>\n","protected":false},"author":2,"featured_media":0,"parent":0,"menu_order":0,"comment_status":"closed","ping_status":"closed","template":"","meta":{"footnotes":""},"class_list":["post-6960","page","type-page","status-publish","hentry"],"_links":{"self":[{"href":"http:\/\/a2.arch.pk.edu.pl\/en\/wp-json\/wp\/v2\/pages\/6960","targetHints":{"allow":["GET"]}}],"collection":[{"href":"http:\/\/a2.arch.pk.edu.pl\/en\/wp-json\/wp\/v2\/pages"}],"about":[{"href":"http:\/\/a2.arch.pk.edu.pl\/en\/wp-json\/wp\/v2\/types\/page"}],"author":[{"embeddable":true,"href":"http:\/\/a2.arch.pk.edu.pl\/en\/wp-json\/wp\/v2\/users\/2"}],"replies":[{"embeddable":true,"href":"http:\/\/a2.arch.pk.edu.pl\/en\/wp-json\/wp\/v2\/comments?post=6960"}],"version-history":[{"count":7,"href":"http:\/\/a2.arch.pk.edu.pl\/en\/wp-json\/wp\/v2\/pages\/6960\/revisions"}],"predecessor-version":[{"id":6970,"href":"http:\/\/a2.arch.pk.edu.pl\/en\/wp-json\/wp\/v2\/pages\/6960\/revisions\/6970"}],"wp:attachment":[{"href":"http:\/\/a2.arch.pk.edu.pl\/en\/wp-json\/wp\/v2\/media?parent=6960"}],"curies":[{"name":"wp","href":"https:\/\/api.w.org\/{rel}","templated":true}]}}