{"id":7,"date":"2021-02-27T17:45:56","date_gmt":"2021-02-27T16:45:56","guid":{"rendered":"http:\/\/a2.arch.pk.edu.pl\/?page_id=7"},"modified":"2021-10-19T15:38:19","modified_gmt":"2021-10-19T13:38:19","slug":"kontakt","status":"publish","type":"page","link":"http:\/\/a2.arch.pk.edu.pl\/en\/kontakt\/","title":{"rendered":"Katedra Architektury Miejsc Pracy, Sportu i Us\u0142ug"},"content":{"rendered":"\n<p><strong>Kierownik Katedry:<\/strong><\/p>\n\n\n\n<p>DR HAB. IN\u017b. ARCH.<br><font size=\"2\">Tomasz Kapecki<\/font><\/p>\n\n\n\n<p><strong>Administracja Katedry:<\/strong><\/p>\n\n\n\n<p>mgr <br><font size=\"2\">Izabela P\u0142aczek<\/font><\/p>\n\n\n\n<p><strong>Kontakt:<\/strong><\/p>\n\n\n\n<p>Politechnika Krakowska<br>im. Tadeusza Ko\u015bciuszki<br>Wydzia\u0142 Architektury<br>Katedra Architektury,<br>Miejsc Pracy, Sportu i Us\u0142ug<\/p>\n\n\n\n<p>ul. Warszawska 24, p. 101<br>31-155 Krak\u00f3w<\/p>\n\n\n\n<p>MAIL: <a href=\"mailto:a-2@pk.edu.pl\">a-2@pk.edu.pl<\/a><\/p>\n\n\n\n<p>&nbsp;<\/p>\n\n\n\n<div class=\"wp-block-columns is-layout-flex wp-container-core-columns-is-layout-1 wp-block-columns-is-layout-flex\">\n<div class=\"wp-block-column is-layout-flow wp-block-column-is-layout-flow\">\n<figure class=\"wp-block-image size-large is-resized\"><a href=\"http:\/\/www.pk.edu.pl\"><img loading=\"lazy\" decoding=\"async\" src=\"http:\/\/a2.arch.pk.edu.pl\/wp-content\/uploads\/2021\/04\/PK_POZIOM_CMYK.ai_.ps_.png\" alt=\"\" class=\"wp-image-520\" width=\"250\" height=\"50\"\/><\/a><\/figure>\n<\/div>\n\n\n\n<div class=\"wp-block-column is-layout-flow wp-block-column-is-layout-flow\">\n<figure class=\"wp-block-image size-large is-resized\"><a href=\"http:\/\/www.arch.pk.edu.pl\"><img loading=\"lazy\" decoding=\"async\" src=\"http:\/\/a2.arch.pk.edu.pl\/wp-content\/uploads\/2021\/04\/WA_CMYK.ai_.ps_.png\" alt=\"\" class=\"wp-image-522\" width=\"250\" height=\"50\"\/><\/a><\/figure>\n<\/div>\n<\/div>\n\n\n\n<p><\/p>\n","protected":false},"excerpt":{"rendered":"<p>Kierownik Katedry: DR HAB. IN\u017b. ARCH.Tomasz Kapecki Administracja Katedry: mgr Izabela P\u0142aczek Kontakt: Politechnika Krakowskaim. Tadeusza Ko\u015bciuszkiWydzia\u0142 ArchitekturyKatedra Architektury,Miejsc Pracy, Sportu i Us\u0142ug ul. Warszawska&hellip;<\/p>\n","protected":false},"author":1,"featured_media":0,"parent":0,"menu_order":0,"comment_status":"closed","ping_status":"closed","template":"","meta":{"footnotes":""},"class_list":["post-7","page","type-page","status-publish","hentry"],"_links":{"self":[{"href":"http:\/\/a2.arch.pk.edu.pl\/en\/wp-json\/wp\/v2\/pages\/7","targetHints":{"allow":["GET"]}}],"collection":[{"href":"http:\/\/a2.arch.pk.edu.pl\/en\/wp-json\/wp\/v2\/pages"}],"about":[{"href":"http:\/\/a2.arch.pk.edu.pl\/en\/wp-json\/wp\/v2\/types\/page"}],"author":[{"embeddable":true,"href":"http:\/\/a2.arch.pk.edu.pl\/en\/wp-json\/wp\/v2\/users\/1"}],"replies":[{"embeddable":true,"href":"http:\/\/a2.arch.pk.edu.pl\/en\/wp-json\/wp\/v2\/comments?post=7"}],"version-history":[{"count":32,"href":"http:\/\/a2.arch.pk.edu.pl\/en\/wp-json\/wp\/v2\/pages\/7\/revisions"}],"predecessor-version":[{"id":6500,"href":"http:\/\/a2.arch.pk.edu.pl\/en\/wp-json\/wp\/v2\/pages\/7\/revisions\/6500"}],"wp:attachment":[{"href":"http:\/\/a2.arch.pk.edu.pl\/en\/wp-json\/wp\/v2\/media?parent=7"}],"curies":[{"name":"wp","href":"https:\/\/api.w.org\/{rel}","templated":true}]}}