{"id":707,"date":"2021-04-23T14:20:26","date_gmt":"2021-04-23T12:20:26","guid":{"rendered":"http:\/\/a2.arch.pk.edu.pl\/?page_id=707"},"modified":"2022-03-22T17:41:18","modified_gmt":"2022-03-22T16:41:18","slug":"programy-i-tematy","status":"publish","type":"page","link":"http:\/\/a2.arch.pk.edu.pl\/en\/programy-i-tematy\/","title":{"rendered":"Zaj\u0119cia i tematy - rok akademicki 2020\/21 oraz 2021\/22"},"content":{"rendered":"\n<div class=\"wp-block-columns is-layout-flex wp-container-core-columns-is-layout-1 wp-block-columns-is-layout-flex\">\n<div class=\"wp-block-column is-layout-flow wp-block-column-is-layout-flow\">\n<h4 class=\"widget-title wp-block-heading\"><a href=\"http:\/\/www.a2.arch.pk.edu.pl\/erasmus\/\">&gt;&gt;&gt; Erasmus&nbsp;&nbsp;&nbsp;&nbsp;&nbsp;<\/a><\/h4>\n\n\n\n<h4 class=\"widget-title wp-block-heading\"><a href=\"http:\/\/a2.arch.pk.edu.pl\/projektowanie-dyplomowe\/\">&gt;&gt;&gt; Dyplomy&nbsp;&nbsp;&nbsp;&nbsp;&nbsp;<\/a><\/h4>\n<\/div>\n\n\n\n<div class=\"wp-block-column is-layout-flow wp-block-column-is-layout-flow\"><\/div>\n\n\n\n<div class=\"wp-block-column is-layout-flow wp-block-column-is-layout-flow\"><\/div>\n\n\n\n<div class=\"wp-block-column is-layout-flow wp-block-column-is-layout-flow\"><\/div>\n<\/div>\n\n\n\n<p>&nbsp;<\/p>\n\n\n\n<p><font size=\"2\"><strong>PROJEKTOWANIE wst\u0119pne ARCH.+URB.II, STOPIE\u0143 I, SEMESTR 4<\/strong><\/font><\/p>\n\n\n\n<div class=\"wp-block-columns is-layout-flex wp-container-core-columns-is-layout-2 wp-block-columns-is-layout-flex\">\n<div class=\"wp-block-column is-layout-flow wp-block-column-is-layout-flow\">\n<p><font size=\"2\"><strong>\/\/\/\/\/\/\/\/\/\/\/\/\/\/\/\/\/\/\/\/\/\/<\/strong><\/font><br>\/\/\/\/\/\/\/\/\/\/\/\/\/\/\/\/\/\/\/\/\/<br>\/\/\/\/\/\/\/\/\/\/\/\/\/\/\/\/\/\/\/\/\/<\/p>\n<\/div>\n\n\n\n<div class=\"wp-block-column is-layout-flow wp-block-column-is-layout-flow\">\n<p><font size=\"2\"><strong>\/\/\/\/\/\/\/\/\/\/\/\/\/\/\/\/\/\/\/\/\/\/<\/strong><\/font><br>\/\/\/\/\/\/\/\/\/\/\/\/\/\/\/\/\/\/\/\/\/<br>\/\/\/\/\/\/\/\/\/\/\/\/\/\/\/\/\/\/\/\/\/<\/p>\n<\/div>\n\n\n\n<div class=\"wp-block-column is-layout-flow wp-block-column-is-layout-flow\">\n<p><a href=\"http:\/\/a2.arch.pk.edu.pl\/wp-content\/uploads\/2022\/03\/2021_22_up_st1sem4_program.pdf\"><font size=\"2\"><strong>PROF. P.&nbsp;GAJEWSKI<\/strong><\/font><br>U\u017cyteczno\u015b\u0107 Publiczna<br>rok 2021\/22<\/a><\/p>\n<\/div>\n\n\n\n<div class=\"wp-block-column is-layout-flow wp-block-column-is-layout-flow\">\n<p><font size=\"2\"><strong>\/\/\/\/\/\/\/\/\/\/\/\/\/\/\/\/\/\/\/\/\/\/<\/strong><\/font><br>\/\/\/\/\/\/\/\/\/\/\/\/\/\/\/\/\/\/\/\/\/<br>\/\/\/\/\/\/\/\/\/\/\/\/\/\/\/\/\/\/\/\/\/<\/p>\n<\/div>\n<\/div>\n\n\n\n<p>&nbsp;<\/p>\n\n\n\n<p><font size=\"2\"><strong>PROJEKTOWANIE ARCH.+URB.II, STOPIE\u0143 I, SEMESTR 5<\/strong><\/font><\/p>\n\n\n\n<div class=\"wp-block-columns is-layout-flex wp-container-core-columns-is-layout-3 wp-block-columns-is-layout-flex\">\n<div class=\"wp-block-column is-layout-flow wp-block-column-is-layout-flow\">\n<p><font size=\"2\"><strong>\/\/\/\/\/\/\/\/\/\/\/\/\/\/\/\/\/\/\/\/\/\/<\/strong><\/font><br>\/\/\/\/\/\/\/\/\/\/\/\/\/\/\/\/\/\/\/\/\/<br>\/\/\/\/\/\/\/\/\/\/\/\/\/\/\/\/\/\/\/\/\/<\/p>\n<\/div>\n\n\n\n<div class=\"wp-block-column is-layout-flow wp-block-column-is-layout-flow\">\n<p><a href=\"http:\/\/a2.arch.pk.edu.pl\/wp-content\/uploads\/2021\/11\/2021_22_sr_st1sem5_program.pdf\"><font size=\"2\"><strong>PROF. T.&nbsp;KAPECKI<\/strong><\/font><br>Sport&nbsp;i rekreacja<br>ROK 2021\/22<\/a><\/p>\n<\/div>\n\n\n\n<div class=\"wp-block-column is-layout-flow wp-block-column-is-layout-flow\">\n<p><a href=\"http:\/\/a2.arch.pk.edu.pl\/wp-content\/uploads\/2021\/10\/2021_22_up_st1sem5_program.pdf\"><font size=\"2\"><strong>PROF. P.&nbsp;GAJEWSKI<\/strong><\/font><br>U\u017cyteczno\u015b\u0107 Publiczna<br>rok 2021\/22<\/a><\/p>\n<\/div>\n\n\n\n<div class=\"wp-block-column is-layout-flow wp-block-column-is-layout-flow\">\n<p><font size=\"2\"><strong>PROF. P.&nbsp;WINSKOWSKI<\/strong><\/font><br>WSP\u00d3\u0141CZESNY REGIONALIZM<br>ROK 2021\/22<\/p>\n<\/div>\n<\/div>\n\n\n\n<p>&nbsp;<\/p>\n\n\n\n<p><font size=\"2\"><strong>PROJEKTOWANIE ARCH.+URB.II, STOPIE\u0143 I, SEMESTR 6<\/strong><\/font><\/p>\n\n\n\n<div class=\"wp-block-columns is-layout-flex wp-container-core-columns-is-layout-4 wp-block-columns-is-layout-flex\">\n<div class=\"wp-block-column is-layout-flow wp-block-column-is-layout-flow\">\n<p><font size=\"2\"><strong>\/\/\/\/\/\/\/\/\/\/\/\/\/\/\/\/\/\/\/\/\/\/<\/strong><\/font><br>\/\/\/\/\/\/\/\/\/\/\/\/\/\/\/\/\/\/\/\/\/<br>\/\/\/\/\/\/\/\/\/\/\/\/\/\/\/\/\/\/\/\/\/<\/p>\n<\/div>\n\n\n\n<div class=\"wp-block-column is-layout-flow wp-block-column-is-layout-flow\">\n<p><font size=\"2\"><strong>PROF. T.&nbsp;KAPECKI<\/strong><\/font><br>Sport&nbsp;i rekreacja<br>ROK 2020\/21<\/p>\n<\/div>\n\n\n\n<div class=\"wp-block-column is-layout-flow wp-block-column-is-layout-flow\">\n<p><a href=\"http:\/\/a2.arch.pk.edu.pl\/wp-content\/uploads\/2022\/03\/2021_22_up_st1sem6_program.pdf\"><font size=\"2\"><strong>PROF. P.&nbsp;GAJEWSKI<\/strong><\/font><br>U\u017cyteczno\u015b\u0107 Publiczna<br>rok 2021\/22<\/a><\/p>\n<\/div>\n\n\n\n<div class=\"wp-block-column is-layout-flow wp-block-column-is-layout-flow\">\n<p><font size=\"2\"><strong>PROF. P.&nbsp;WINSKOWSKI<\/strong><\/font><br>wsp\u00f3\u0142czesny regionalizm<br>ROK 2020\/21<\/p>\n<\/div>\n<\/div>\n\n\n\n<p>&nbsp;<\/p>\n\n\n\n<p><font size=\"2\"><strong>PROJEKTOWANIE ARCH.+URB.II, STOPIE\u0143 I, SEMESTR 7<\/strong><\/font><\/p>\n\n\n\n<div class=\"wp-block-columns is-layout-flex wp-container-core-columns-is-layout-5 wp-block-columns-is-layout-flex\">\n<div class=\"wp-block-column is-vertically-aligned-top is-layout-flow wp-block-column-is-layout-flow\">\n<p><a href=\"http:\/\/a2.arch.pk.edu.pl\/wp-content\/uploads\/2021\/10\/2021_22_ap_st1sem7_program.pdf\"><font size=\"2\"><strong>PROF. M.&nbsp;Z\u0141OWODZKI<\/strong><\/font><br>architektura Przemys\u0142owa<br>ROK 2021\/22<\/a><\/p>\n<\/div>\n\n\n\n<div class=\"wp-block-column is-layout-flow wp-block-column-is-layout-flow\">\n<p><a href=\"http:\/\/a2.arch.pk.edu.pl\/wp-content\/uploads\/2021\/11\/2021_22_sr_st1sem7_program.pdf\"><font size=\"2\"><strong>PROF. T.&nbsp;KAPECKI<\/strong><\/font><br>Sport&nbsp;i rekreacja<br>ROK 2021\/22<\/a><\/p>\n\n\n\n<p><font size=\"2\"><strong>PROF. K.&nbsp;BUTELSKI<\/strong><\/font><br>SPORT&nbsp;I REKREACJA<br>ROK 2021\/22<\/p>\n<\/div>\n\n\n\n<div class=\"wp-block-column is-layout-flow wp-block-column-is-layout-flow\">\n<p><a href=\"http:\/\/a2.arch.pk.edu.pl\/wp-content\/uploads\/2021\/10\/2021_22_up_st1sem7_program.pdf\"><font size=\"2\"><strong>PROF. P.&nbsp;GAJEWSKI<\/strong><\/font><br>U\u017cyteczno\u015b\u0107 Publiczna<br>rok 2021\/22<\/a><\/p>\n<\/div>\n\n\n\n<div class=\"wp-block-column is-layout-flow wp-block-column-is-layout-flow\">\n<p><font size=\"2\"><strong>PROF. P.&nbsp;WINSKOWSKI<\/strong><\/font><br>WSP\u00d3\u0141CZESNY REGIONALIZM<br>ROK 2021\/22<\/p>\n<\/div>\n<\/div>\n\n\n\n<p>&nbsp;<\/p>\n\n\n\n<p><font size=\"2\"><strong>PROJEKTOWANIE ARCH.+URB.II, STOPIE\u0143 II, SEMESTR 2<\/strong><\/font><\/p>\n\n\n\n<div class=\"wp-block-columns is-layout-flex wp-container-core-columns-is-layout-6 wp-block-columns-is-layout-flex\">\n<div class=\"wp-block-column is-layout-flow wp-block-column-is-layout-flow\">\n<p><a href=\"http:\/\/a2.arch.pk.edu.pl\/wp-content\/uploads\/2021\/10\/2021_22_ap_st2sem2_program.pdf\"><font size=\"2\"><strong>PROF. M.&nbsp;Z\u0141OWODZKI<\/strong><\/font><br>architektura Przemys\u0142owa<br>ROK 2021\/22<\/a><\/p>\n<\/div>\n\n\n\n<div class=\"wp-block-column is-layout-flow wp-block-column-is-layout-flow\">\n<p><a href=\"http:\/\/a2.arch.pk.edu.pl\/wp-content\/uploads\/2021\/11\/2021_22_sr_st2sem2_program.pdf\"><font size=\"2\"><strong>PROF. T.&nbsp;KAPECKI<\/strong><\/font><br>Sport&nbsp;i rekreacja<br>ROK 2021\/22<\/a><\/p>\n\n\n\n<p><font size=\"2\"><strong>PROF. K.&nbsp;BUTELSKI<\/strong><\/font><br>SPORT&nbsp;I REKREACJA<br>ROK 2021\/22<\/p>\n<\/div>\n\n\n\n<div class=\"wp-block-column is-layout-flow wp-block-column-is-layout-flow\">\n<p><a href=\"http:\/\/a2.arch.pk.edu.pl\/wp-content\/uploads\/2021\/10\/2021_22_up_st2sem2_program.pdf\"><font size=\"2\"><strong>PROF. P.&nbsp;GAJEWSKI<\/strong><\/font><br>U\u017cyteczno\u015b\u0107 Publiczna<br>rok 2021\/22<\/a><\/p>\n<\/div>\n\n\n\n<div class=\"wp-block-column is-layout-flow wp-block-column-is-layout-flow\">\n<p><font size=\"2\"><strong>\/\/\/\/\/\/\/\/\/\/\/\/\/\/\/\/\/\/\/\/\/\/<\/strong><\/font><br>\/\/\/\/\/\/\/\/\/\/\/\/\/\/\/\/\/\/\/\/\/<br>\/\/\/\/\/\/\/\/\/\/\/\/\/\/\/\/\/\/\/\/\/<\/p>\n<\/div>\n<\/div>\n\n\n\n<p>&nbsp;<\/p>\n\n\n\n<p><font size=\"2\"><strong>TEORIA Projektowania ARCH.+URB.II, STOPIE\u0143 I, SEMESTR 5<\/strong><\/font><br><font size=\"2\"><strong>PROWADZ\u0104CY GRUPY PROJEKTOWANIA ARCH.+URB.II<\/strong><\/font><br>ROK 2021\/22<\/p>\n\n\n\n<p>&nbsp;<\/p>\n\n\n\n<p><font size=\"2\"><strong>TEORIA Projektowania ARCH.+URB.II, STOPIE\u0143 I, SEMESTR 7<\/strong><\/font><br><font size=\"2\"><strong>PROWADZ\u0104CY GRUPY PROJEKTOWANIA ARCH.+URB.II<\/strong><\/font><br>ROK 2021\/22<\/p>\n\n\n\n<p>&nbsp;<\/p>\n\n\n\n<p><font size=\"2\"><strong>TEORIA Projektowania ARCH.+URB.II, STOPIE\u0143 II, SEMESTR 2<\/strong><\/font><br><font size=\"2\"><strong>PROWADZ\u0104CY GRUPY PROJEKTOWANIA ARCH.+URB.II<\/strong><\/font><br>ROK 2021\/22<\/p>\n\n\n\n<p>&nbsp;<\/p>\n\n\n\n<p><font size=\"2\"><strong>Etyka Zawodu Architekta, Proces Inwestycyjny<\/strong><\/font><br><font size=\"2\"><strong>PROF. P.&nbsp;GAJEWSKI<\/strong><\/font><br>ROK 2021\/22, st.I&nbsp;&nbsp;&nbsp;sem.6<\/p>\n\n\n\n<p>&nbsp;<\/p>\n\n\n\n<p><font size=\"2\"><strong>Ergonomia i BHP w Architekturze<\/strong><\/font><br><font size=\"2\"><strong>PROF. M.&nbsp;Z\u0141OWODZKI<\/strong><\/font><br>ROK 2021\/22, st.I&nbsp;&nbsp;&nbsp;sem.7<\/p>\n\n\n\n<p>&nbsp;<\/p>\n\n\n\n<p><font size=\"2\"><strong>Negocjacje, Prawo w Procesie Inwestycyjnym, Praktyczne Aspekty Wykonywania Zawodu Architekta&nbsp;<\/strong><\/font><br><font size=\"2\"><strong>PROF.&nbsp;K.&nbsp;Butelski<\/strong><\/font><br>ROK 2021\/22, st.II&nbsp;&nbsp;&nbsp;sem.2<\/p>\n\n\n\n<p>&nbsp;<\/p>\n\n\n\n<p><font size=\"2\"><strong>Etyka Zawodu Architekta, Proces Inwestycyjny<\/strong><\/font><br><font size=\"2\"><strong>PROF. P.&nbsp;GAJEWSKI<\/strong><\/font><br>ROK 2021\/22, st.II&nbsp;&nbsp;&nbsp;sem.3<\/p>\n\n\n\n<p>&nbsp;<\/p>\n\n\n\n<p><font size=\"2\"><strong>Fakultet &#8211; Teoria i estetyka architektury najnowsze&nbsp;<\/strong><\/font><br><font size=\"2\"><strong>PROF. P.&nbsp;WINSKOWSKI<\/strong><\/font><br>ROK 2020\/21<\/p>\n\n\n\n<p>&nbsp;<\/p>\n\n\n\n<p><a href=\"http:\/\/a2.arch.pk.edu.pl\/psychologia-architektury-fakultet\/\"><font size=\"2\"><strong>FAKULTET &#8211;&nbsp;Psychologia architektury<\/strong><\/font><br><font size=\"2\"><strong>DR&nbsp;A. LASIEWICZ-SYCH<\/strong><\/font><br>ROK 2020\/21<\/a><\/p>\n","protected":false},"excerpt":{"rendered":"<p>&gt;&gt;&gt; Erasmus&nbsp;&nbsp;&nbsp;&nbsp;&nbsp; &gt;&gt;&gt; Dyplomy&nbsp;&nbsp;&nbsp;&nbsp;&nbsp; &nbsp; PROJEKTOWANIE wst\u0119pne ARCH.+URB.II, STOPIE\u0143 I, SEMESTR 4 \/\/\/\/\/\/\/\/\/\/\/\/\/\/\/\/\/\/\/\/\/\/\/\/\/\/\/\/\/\/\/\/\/\/\/\/\/\/\/\/\/\/\/\/\/\/\/\/\/\/\/\/\/\/\/\/\/\/\/\/\/\/\/\/ \/\/\/\/\/\/\/\/\/\/\/\/\/\/\/\/\/\/\/\/\/\/\/\/\/\/\/\/\/\/\/\/\/\/\/\/\/\/\/\/\/\/\/\/\/\/\/\/\/\/\/\/\/\/\/\/\/\/\/\/\/\/\/\/ PROF. P.&nbsp;GAJEWSKIU\u017cyteczno\u015b\u0107 Publicznarok 2021\/22 \/\/\/\/\/\/\/\/\/\/\/\/\/\/\/\/\/\/\/\/\/\/\/\/\/\/\/\/\/\/\/\/\/\/\/\/\/\/\/\/\/\/\/\/\/\/\/\/\/\/\/\/\/\/\/\/\/\/\/\/\/\/\/\/ &nbsp; PROJEKTOWANIE ARCH.+URB.II, STOPIE\u0143 I, SEMESTR&hellip;<\/p>\n","protected":false},"author":2,"featured_media":0,"parent":0,"menu_order":0,"comment_status":"closed","ping_status":"closed","template":"","meta":{"footnotes":""},"class_list":["post-707","page","type-page","status-publish","hentry"],"_links":{"self":[{"href":"http:\/\/a2.arch.pk.edu.pl\/en\/wp-json\/wp\/v2\/pages\/707","targetHints":{"allow":["GET"]}}],"collection":[{"href":"http:\/\/a2.arch.pk.edu.pl\/en\/wp-json\/wp\/v2\/pages"}],"about":[{"href":"http:\/\/a2.arch.pk.edu.pl\/en\/wp-json\/wp\/v2\/types\/page"}],"author":[{"embeddable":true,"href":"http:\/\/a2.arch.pk.edu.pl\/en\/wp-json\/wp\/v2\/users\/2"}],"replies":[{"embeddable":true,"href":"http:\/\/a2.arch.pk.edu.pl\/en\/wp-json\/wp\/v2\/comments?post=707"}],"version-history":[{"count":201,"href":"http:\/\/a2.arch.pk.edu.pl\/en\/wp-json\/wp\/v2\/pages\/707\/revisions"}],"predecessor-version":[{"id":6959,"href":"http:\/\/a2.arch.pk.edu.pl\/en\/wp-json\/wp\/v2\/pages\/707\/revisions\/6959"}],"wp:attachment":[{"href":"http:\/\/a2.arch.pk.edu.pl\/en\/wp-json\/wp\/v2\/media?parent=707"}],"curies":[{"name":"wp","href":"https:\/\/api.w.org\/{rel}","templated":true}]}}