{"id":711,"date":"2021-04-23T14:48:26","date_gmt":"2021-04-23T12:48:26","guid":{"rendered":"http:\/\/a2.arch.pk.edu.pl\/?page_id=711"},"modified":"2021-05-31T14:48:43","modified_gmt":"2021-05-31T12:48:43","slug":"projekty","status":"publish","type":"page","link":"http:\/\/a2.arch.pk.edu.pl\/en\/projekty\/","title":{"rendered":"Projekty studenckie"},"content":{"rendered":"\n<div class=\"wp-block-columns is-layout-flex wp-container-core-columns-is-layout-1 wp-block-columns-is-layout-flex\">\n<div class=\"wp-block-column is-layout-flow wp-block-column-is-layout-flow\">\n<h4 class=\"widget-title wp-block-heading\"><a href=\"http:\/\/a2.arch.pk.edu.pl\/projektowanie-dyplomowe\/\">&gt;&gt;&gt; Dyplomy&nbsp;&nbsp;&nbsp;&nbsp;&nbsp;&nbsp;<\/a><\/h4>\n<\/div>\n\n\n\n<div class=\"wp-block-column is-layout-flow wp-block-column-is-layout-flow\"><\/div>\n\n\n\n<div class=\"wp-block-column is-layout-flow wp-block-column-is-layout-flow\"><\/div>\n\n\n\n<div class=\"wp-block-column is-layout-flow wp-block-column-is-layout-flow\"><\/div>\n<\/div>\n\n\n\n<p>&nbsp;<\/p>\n\n\n\n<p><font size=\"2\"><strong>PROJEKTOWANIE ARCH.+URB.II, STOPIE\u0143 I, SEMESTR 5<\/strong><\/font><\/p>\n\n\n\n<div class=\"wp-block-columns is-layout-flex wp-container-core-columns-is-layout-2 wp-block-columns-is-layout-flex\">\n<div class=\"wp-block-column is-layout-flow wp-block-column-is-layout-flow\">\n<figure class=\"wp-block-image size-large\"><img loading=\"lazy\" decoding=\"async\" width=\"1417\" height=\"886\" src=\"http:\/\/a2.arch.pk.edu.pl\/wp-content\/uploads\/2021\/04\/brak-zdjecia-light.png\" alt=\"\" class=\"wp-image-1273\"\/><\/figure>\n\n\n\n<p>&nbsp;<\/p>\n<\/div>\n\n\n\n<div class=\"wp-block-column is-layout-flow wp-block-column-is-layout-flow\">\n<figure class=\"wp-block-image size-large\"><a href=\"http:\/\/a2.arch.pk.edu.pl\/s-r-projekt-st-i-sem5\/\"><img loading=\"lazy\" decoding=\"async\" width=\"1417\" height=\"886\" src=\"http:\/\/a2.arch.pk.edu.pl\/wp-content\/uploads\/2021\/04\/brak-zdjecia.png\" alt=\"\" class=\"wp-image-985\"\/><\/a><\/figure>\n\n\n\n<p><a href=\"http:\/\/a2.arch.pk.edu.pl\/s-r-projekt-st-i-sem5\/\">PROF. T.&nbsp;KAPECKI<br>SPORT&nbsp;I REKREACJA\n<br>Autor: ___\n<br>Gr.: ___ \n<\/a><\/p>\n<\/div>\n\n\n\n<div class=\"wp-block-column is-layout-flow wp-block-column-is-layout-flow\">\n<figure class=\"wp-block-image size-large\"><a href=\"http:\/\/a2.arch.pk.edu.pl\/u-p-projekt-st-i-sem5\/\"><img loading=\"lazy\" decoding=\"async\" width=\"1417\" height=\"886\" src=\"http:\/\/a2.arch.pk.edu.pl\/wp-content\/uploads\/2021\/04\/brak-zdjecia.png\" alt=\"\" class=\"wp-image-985\"\/><\/a><\/figure>\n\n\n\n<p><a href=\"http:\/\/a2.arch.pk.edu.pl\/u-p-projekt-st-i-sem5\/\">PROF. P.&nbsp;GAJEWSKI<br>U\u017bYTECZNO\u015a\u0106 PUBLICZNA\n<br>Autor: ___\n<br>Gr.: ___ \n<\/a><\/p>\n<\/div>\n\n\n\n<div class=\"wp-block-column is-layout-flow wp-block-column-is-layout-flow\">\n<figure class=\"wp-block-image size-large\"><a href=\"http:\/\/a2.arch.pk.edu.pl\/w-r-projekt-st-i-sem5\/\"><img loading=\"lazy\" decoding=\"async\" width=\"1417\" height=\"886\" src=\"http:\/\/a2.arch.pk.edu.pl\/wp-content\/uploads\/2021\/04\/brak-zdjecia.png\" alt=\"\" class=\"wp-image-985\"\/><\/a><\/figure>\n\n\n\n<p><a href=\"http:\/\/a2.arch.pk.edu.pl\/w-r-projekt-st-i-sem5\/\">PROF. P.&nbsp;WINSKOWSKI<br>WSP\u00d3\u0141CZESNY REGIONALIZM\n<br>Autor: ___\n<br>Gr.: ___ \n<\/a><\/p>\n<\/div>\n<\/div>\n\n\n\n<p>&nbsp;<\/p>\n\n\n\n<p><font size=\"2\"><strong>PROJEKTOWANIE ARCH.+URB.II, STOPIE\u0143 I, SEMESTR 6<\/strong><\/font><\/p>\n\n\n\n<div class=\"wp-block-columns is-layout-flex wp-container-core-columns-is-layout-3 wp-block-columns-is-layout-flex\">\n<div class=\"wp-block-column is-layout-flow wp-block-column-is-layout-flow\">\n<figure class=\"wp-block-image size-large\"><img loading=\"lazy\" decoding=\"async\" width=\"1417\" height=\"886\" src=\"http:\/\/a2.arch.pk.edu.pl\/wp-content\/uploads\/2021\/04\/brak-zdjecia-light.png\" alt=\"\" class=\"wp-image-1273\"\/><\/figure>\n\n\n\n<p>&nbsp;<\/p>\n<\/div>\n\n\n\n<div class=\"wp-block-column is-layout-flow wp-block-column-is-layout-flow\">\n<figure class=\"wp-block-image size-large\"><a href=\"http:\/\/a2.arch.pk.edu.pl\/s-r-projekt-st-i-sem6\/\"><img loading=\"lazy\" decoding=\"async\" width=\"1417\" height=\"886\" src=\"http:\/\/a2.arch.pk.edu.pl\/wp-content\/uploads\/2021\/04\/brak-zdjecia.png\" alt=\"\" class=\"wp-image-985\"\/><\/a><\/figure>\n\n\n\n<p><a href=\"http:\/\/a2.arch.pk.edu.pl\/s-r-projekt-st-i-sem6\/\">PROF. T.&nbsp;KAPECKI<br>SPORT&nbsp;I REKREACJA\n<br>Autor: ___\n<br>Gr.: ___ \n<\/a><\/p>\n<\/div>\n\n\n\n<div class=\"wp-block-column is-layout-flow wp-block-column-is-layout-flow\">\n<figure class=\"wp-block-image size-large\"><a href=\"http:\/\/a2.arch.pk.edu.pl\/u-p-projekt-st-i-sem6\/\"><img loading=\"lazy\" decoding=\"async\" width=\"1200\" height=\"750\" src=\"http:\/\/a2.arch.pk.edu.pl\/wp-content\/uploads\/2021\/04\/2019_20_up_st1sem6_pro001_machlarz_001_1200x750.jpg\" alt=\"\" class=\"wp-image-1563\"\/><\/a><\/figure>\n\n\n\n<p><a href=\"http:\/\/a2.arch.pk.edu.pl\/u-p-projekt-st-i-sem6\/\">PROF. P.&nbsp;GAJEWSKI<br>U\u017bYTECZNO\u015a\u0106 PUBLICZNA\n<br>Autor: K.&nbsp;Machlarz\n<br>Gr.: DR IN\u017b. ARCH. L.&nbsp;OLMA, MA&nbsp;ARCH. \n<\/a><\/p>\n<\/div>\n\n\n\n<div class=\"wp-block-column is-layout-flow wp-block-column-is-layout-flow\">\n<figure class=\"wp-block-image size-large\"><a href=\"http:\/\/a2.arch.pk.edu.pl\/w-r-projekt-st-i-sem6\/\"><img loading=\"lazy\" decoding=\"async\" width=\"1417\" height=\"886\" src=\"http:\/\/a2.arch.pk.edu.pl\/wp-content\/uploads\/2021\/04\/brak-zdjecia.png\" alt=\"\" class=\"wp-image-985\"\/><\/a><\/figure>\n\n\n\n<p><a href=\"http:\/\/a2.arch.pk.edu.pl\/w-r-projekt-st-i-sem6\/\">PROF. P.&nbsp;WINSKOWSKI<br>WSP\u00d3\u0141CZESNY REGIONALIZM\n<br>Autor: ___\n<br>Gr.: ___ \n<\/a><\/p>\n<\/div>\n<\/div>\n\n\n\n<p>&nbsp;<\/p>\n\n\n\n<p><font size=\"2\"><strong>PROJEKTOWANIE ARCH.+URB.II, STOPIE\u0143 I, SEMESTR 7<\/strong><\/font><\/p>\n\n\n\n<div class=\"wp-block-columns is-layout-flex wp-container-core-columns-is-layout-4 wp-block-columns-is-layout-flex\">\n<div class=\"wp-block-column is-layout-flow wp-block-column-is-layout-flow\">\n<figure class=\"wp-block-image size-large\"><a href=\"http:\/\/a2.arch.pk.edu.pl\/a-p-projekt-st-i-sem7\/\"><img decoding=\"async\" src=\"http:\/\/a2.arch.pk.edu.pl\/wp-content\/uploads\/2021\/05\/2020_21_ap_st1sem7_pro001_szczudlik_000_1200x750.jpg\" alt=\"\" class=\"wp-image-985\"\/><\/a><\/figure>\n\n\n\n<p><a href=\"http:\/\/a2.arch.pk.edu.pl\/a-p-projekt-st-i-sem7\/\">PROF. M.&nbsp;Z\u0141OWODZKI<br>ARCHITEKTURA PRZEMYS\u0141OWA\n<br>Autor: K.&nbsp;Szczudlik\n<br>Gr.: mgr&nbsp;in\u017c.&nbsp;arch. M.&nbsp;Bystro\u0144 \n<\/a><\/p>\n<\/div>\n\n\n\n<div class=\"wp-block-column is-layout-flow wp-block-column-is-layout-flow\">\n<figure class=\"wp-block-image size-large\"><a href=\"http:\/\/a2.arch.pk.edu.pl\/s-r-projekt-st-i-sem7\/\"><img loading=\"lazy\" decoding=\"async\" width=\"1417\" height=\"886\" src=\"http:\/\/a2.arch.pk.edu.pl\/wp-content\/uploads\/2021\/04\/brak-zdjecia.png\" alt=\"\" class=\"wp-image-985\"\/><\/a><\/figure>\n\n\n\n<p><a href=\"http:\/\/a2.arch.pk.edu.pl\/s-r-projekt-st-i-sem7\/\">PROF. T.&nbsp;KAPECKI<br>SPORT&nbsp;I REKREACJA<br>AUTOR: ___<br>GR.: ___<\/a><\/p>\n\n\n\n<figure class=\"wp-block-image size-large\"><a href=\"http:\/\/a2.arch.pk.edu.pl\/s-r-projekt-st-i-sem7\/\"><img loading=\"lazy\" decoding=\"async\" width=\"1417\" height=\"886\" src=\"http:\/\/a2.arch.pk.edu.pl\/wp-content\/uploads\/2021\/04\/brak-zdjecia.png\" alt=\"\" class=\"wp-image-985\"\/><\/a><\/figure>\n\n\n\n<p><a href=\"http:\/\/a2.arch.pk.edu.pl\/s-r-projekt-st-i-sem7\/\">PROF. K.&nbsp;BUTELSKI<br>SPORT&nbsp;I REKREACJA<br>AUTOR: ___<br>GR.: ___<\/a><\/p>\n<\/div>\n\n\n\n<div class=\"wp-block-column is-layout-flow wp-block-column-is-layout-flow\">\n<figure class=\"wp-block-image size-large\"><a href=\"http:\/\/a2.arch.pk.edu.pl\/u-p-projekt-st-i-sem7\/\"><img loading=\"lazy\" decoding=\"async\" width=\"1200\" height=\"750\" src=\"http:\/\/a2.arch.pk.edu.pl\/wp-content\/uploads\/2021\/04\/2020_21_up_st1sem7_pro001_lorenc-kozik_001_1200x750.jpg\" alt=\"\" class=\"wp-image-1612\"\/><\/a><\/figure>\n\n\n\n<p><a href=\"http:\/\/a2.arch.pk.edu.pl\/u-p-projekt-st-i-sem7\/\">PROF. P.&nbsp;GAJEWSKI<br>U\u017bYTECZNO\u015a\u0106 PUBLICZNA\n<br>Autor: K. Lorenc-Kozik\n<br>Gr.: DR IN\u017b. ARCH. L.&nbsp;OLMA, MA&nbsp;ARCH. \n<\/a><\/p>\n<\/div>\n\n\n\n<div class=\"wp-block-column is-layout-flow wp-block-column-is-layout-flow\">\n<figure class=\"wp-block-image size-large\"><a href=\"http:\/\/a2.arch.pk.edu.pl\/w-r-projekt-st-i-sem7\/\"><img decoding=\"async\" src=\"http:\/\/a2.arch.pk.edu.pl\/wp-content\/uploads\/2021\/04\/brak-zdjecia.png\" alt=\"\" class=\"wp-image-1003\"\/><\/a><\/figure>\n\n\n\n<p><a href=\"http:\/\/a2.arch.pk.edu.pl\/w-r-projekt-st-i-sem7\/\">PROF. P.&nbsp;WINSKOWSKI<br>WSP\u00d3\u0141CZESNY REGIONALIZM\n<br>Autor: ___\n<br>Gr.: ___ \n<\/a><\/p>\n<\/div>\n<\/div>\n\n\n\n<p>&nbsp;<\/p>\n\n\n\n<p><font size=\"2\"><strong>PROJEKTOWANIE ARCH.+URB.II, STOPIE\u0143 II, SEMESTR 2<\/strong><\/font><\/p>\n\n\n\n<div class=\"wp-block-columns is-layout-flex wp-container-core-columns-is-layout-5 wp-block-columns-is-layout-flex\">\n<div class=\"wp-block-column is-layout-flow wp-block-column-is-layout-flow\">\n<figure class=\"wp-block-image size-large\"><a href=\"http:\/\/a2.arch.pk.edu.pl\/a-p-projekt-st-ii-sem2\/\"><img decoding=\"async\" src=\"http:\/\/a2.arch.pk.edu.pl\/wp-content\/uploads\/2021\/05\/2020_21_ap_st2sem2_pro001_piekarz_000_1200x750.jpg\" alt=\"\" class=\"wp-image-985\"\/><\/a><\/figure>\n\n\n\n<p><a href=\"http:\/\/a2.arch.pk.edu.pl\/a-p-projekt-st-ii-sem2\/\">PROF. M.&nbsp;Z\u0141OWODZKI<br>ARCHITEKTURA PRZEMYS\u0141OWA\n<br>Autor: K.&nbsp;PIEKARZ\n<br>Gr.: MGR&nbsp;IN\u017b.&nbsp;ARCH. W.&nbsp;DULI\u0143SKI \n<\/a><\/p>\n<\/div>\n\n\n\n<div class=\"wp-block-column is-layout-flow wp-block-column-is-layout-flow\">\n<figure class=\"wp-block-image size-large\"><a href=\"http:\/\/a2.arch.pk.edu.pl\/s-r-projekt-st-ii-sem2\/\"><img loading=\"lazy\" decoding=\"async\" width=\"1417\" height=\"886\" src=\"http:\/\/a2.arch.pk.edu.pl\/wp-content\/uploads\/2021\/04\/brak-zdjecia.png\" alt=\"\" class=\"wp-image-985\"\/><\/a><\/figure>\n\n\n\n<p><a href=\"http:\/\/a2.arch.pk.edu.pl\/s-r-projekt-st-ii-sem2\/\">PROF. T.&nbsp;KAPECKI<br>SPORT&nbsp;I REKREACJA<br>AUTOR: ___<br>GR.: ___<\/a><\/p>\n\n\n\n<figure class=\"wp-block-image size-large\"><a href=\"http:\/\/a2.arch.pk.edu.pl\/s-r-projekt-st-ii-sem2\/\"><img loading=\"lazy\" decoding=\"async\" width=\"1417\" height=\"886\" src=\"http:\/\/a2.arch.pk.edu.pl\/wp-content\/uploads\/2021\/04\/brak-zdjecia.png\" alt=\"\" class=\"wp-image-985\"\/><\/a><\/figure>\n\n\n\n<p><a href=\"http:\/\/a2.arch.pk.edu.pl\/s-r-projekt-st-ii-sem2\/\">PROF. K.&nbsp;BUTELSKI<br>SPORT&nbsp;I REKREACJA<br>AUTOR: ___<br>GR.: ___<\/a><\/p>\n<\/div>\n\n\n\n<div class=\"wp-block-column is-layout-flow wp-block-column-is-layout-flow\">\n<figure class=\"wp-block-image size-large\"><a href=\"http:\/\/a2.arch.pk.edu.pl\/u-p-projekt-st-ii-sem2\/\"><img loading=\"lazy\" decoding=\"async\" width=\"1200\" height=\"750\" src=\"http:\/\/a2.arch.pk.edu.pl\/wp-content\/uploads\/2021\/04\/2020_21_up_st2sem2_pro001_suska_tarnawska_011_1200x750.jpg\" alt=\"\" class=\"wp-image-1666\"\/><\/a><\/figure>\n\n\n\n<p><a href=\"http:\/\/a2.arch.pk.edu.pl\/u-p-projekt-st-ii-sem2\/\">PROF. P.&nbsp;GAJEWSKI<br>U\u017bYTECZNO\u015a\u0106 PUBLICZNA<br>AUTOR:&nbsp;J.&nbsp;SUSKA; D.&nbsp;TARNAWSKA<br>GR.: DR IN\u017b. ARCH. A.&nbsp;POR\u0118BSKA<\/a><\/p>\n<\/div>\n\n\n\n<div class=\"wp-block-column is-layout-flow wp-block-column-is-layout-flow\">\n<figure class=\"wp-block-image size-large\"><img loading=\"lazy\" decoding=\"async\" width=\"1417\" height=\"886\" src=\"http:\/\/a2.arch.pk.edu.pl\/wp-content\/uploads\/2021\/04\/brak-zdjecia-light.png\" alt=\"\" class=\"wp-image-1273\"\/><\/figure>\n\n\n\n<p>&nbsp;<\/p>\n<\/div>\n<\/div>\n\n\n\n<p><\/p>\n\n\n\n<p><\/p>\n\n\n\n<p><\/p>\n\n\n\n<p><\/p>\n\n\n\n<p><\/p>\n\n\n\n<p><\/p>\n\n\n\n<p><\/p>\n\n\n\n<p><\/p>\n\n\n\n<p><\/p>\n\n\n\n<p><\/p>\n\n\n\n<p><\/p>\n\n\n\n<p><\/p>\n","protected":false},"excerpt":{"rendered":"<p>&gt;&gt;&gt; Dyplomy&nbsp;&nbsp;&nbsp;&nbsp;&nbsp;&nbsp; &nbsp; PROJEKTOWANIE ARCH.+URB.II, STOPIE\u0143 I, SEMESTR 5 &nbsp; PROF. T.&nbsp;KAPECKISPORT&nbsp;I REKREACJA Autor: ___ Gr.: ___ PROF. P.&nbsp;GAJEWSKIU\u017bYTECZNO\u015a\u0106 PUBLICZNA Autor: ___ Gr.: ___ PROF.&hellip;<\/p>\n","protected":false},"author":2,"featured_media":0,"parent":0,"menu_order":0,"comment_status":"closed","ping_status":"closed","template":"","meta":{"footnotes":""},"class_list":["post-711","page","type-page","status-publish","hentry"],"_links":{"self":[{"href":"http:\/\/a2.arch.pk.edu.pl\/en\/wp-json\/wp\/v2\/pages\/711","targetHints":{"allow":["GET"]}}],"collection":[{"href":"http:\/\/a2.arch.pk.edu.pl\/en\/wp-json\/wp\/v2\/pages"}],"about":[{"href":"http:\/\/a2.arch.pk.edu.pl\/en\/wp-json\/wp\/v2\/types\/page"}],"author":[{"embeddable":true,"href":"http:\/\/a2.arch.pk.edu.pl\/en\/wp-json\/wp\/v2\/users\/2"}],"replies":[{"embeddable":true,"href":"http:\/\/a2.arch.pk.edu.pl\/en\/wp-json\/wp\/v2\/comments?post=711"}],"version-history":[{"count":74,"href":"http:\/\/a2.arch.pk.edu.pl\/en\/wp-json\/wp\/v2\/pages\/711\/revisions"}],"predecessor-version":[{"id":5155,"href":"http:\/\/a2.arch.pk.edu.pl\/en\/wp-json\/wp\/v2\/pages\/711\/revisions\/5155"}],"wp:attachment":[{"href":"http:\/\/a2.arch.pk.edu.pl\/en\/wp-json\/wp\/v2\/media?parent=711"}],"curies":[{"name":"wp","href":"https:\/\/api.w.org\/{rel}","templated":true}]}}