{"id":896,"date":"2021-04-26T15:58:27","date_gmt":"2021-04-26T13:58:27","guid":{"rendered":"http:\/\/a2.arch.pk.edu.pl\/?page_id=896"},"modified":"2021-10-19T15:44:31","modified_gmt":"2021-10-19T13:44:31","slug":"projektowanie-dyplomowe","status":"publish","type":"page","link":"http:\/\/a2.arch.pk.edu.pl\/en\/projektowanie-dyplomowe\/","title":{"rendered":"Projektowanie Dyplomowe"},"content":{"rendered":"\n<p>Zapraszamy na Projektowanie Dyplomowe pierwszego oraz drugiego Stopnia<\/p>\n\n\n\n<p><\/p>\n\n\n\n<p>Dalsze informacje na stronie: <br><a rel=\"noreferrer noopener\" href=\"http:\/\/www.arch.pk.edu.pl\/dziekanat-wydzialu\/studenci\/dyplomy\/\" target=\"_blank\">www.arch.pk.edu.pl<\/a><\/p>\n\n\n\n<p>&nbsp;<\/p>\n\n\n\n<figure class=\"wp-block-image size-large is-resized\"><a href=\"http:\/\/a2.arch.pk.edu.pl\/a-p-projektowanie-dyplomowe-st-ii\/\"><img decoding=\"async\" src=\"http:\/\/a2.arch.pk.edu.pl\/wp-content\/uploads\/2021\/05\/2018_19_ap_st2dyp_pro001_tran_sliwa_szaraniec_000_1200x175.jpg\" alt=\"\" class=\"wp-image-1339\"\/><\/a><\/figure>\n\n\n\n<p><font size=\"2\"><strong>PRACE DYPLOMOWE STUDENCKIE OPRACOWANE W ZESPOLE ARCHITEKTURA PRZEMYS\u0141OWA<\/strong><\/font><br><a href=\"http:\/\/a2.arch.pk.edu.pl\/a-p-projektowanie-dyplomowe-st-i\/\">a.p.&nbsp;&nbsp;&nbsp;Projektowanie&nbsp;dyplomowe&nbsp;ST.I&nbsp;&#8211;&nbsp;In\u017cynierskie<\/a>&nbsp;&nbsp; \/&nbsp;&nbsp; <a href=\"http:\/\/a2.arch.pk.edu.pl\/a-p-projektowanie-dyplomowe-st-ii\/\">a.p.&nbsp;&nbsp;&nbsp;Projektowanie&nbsp;dyplomowe&nbsp;ST.II&nbsp;&#8211;&nbsp;Magisterskie<\/a><\/p>\n\n\n\n<p>&nbsp;<\/p>\n\n\n\n<p>&nbsp;<\/p>\n\n\n\n<figure class=\"wp-block-gallery aligncenter columns-2 is-cropped wp-block-gallery-1 is-layout-flex wp-block-gallery-is-layout-flex\"><ul class=\"blocks-gallery-grid\"><li class=\"blocks-gallery-item\"><figure><a href=\"http:\/\/a2.arch.pk.edu.pl\/s-r-projektowanie-dyplomowe-st-i\/\"><img loading=\"lazy\" decoding=\"async\" width=\"1417\" height=\"413\" src=\"http:\/\/a2.arch.pk.edu.pl\/wp-content\/uploads\/2021\/04\/brak-zdjecia-small.png\" alt=\"\" data-id=\"1215\" data-full-url=\"http:\/\/a2.arch.pk.edu.pl\/wp-content\/uploads\/2021\/04\/brak-zdjecia-small.png\" data-link=\"http:\/\/a2.arch.pk.edu.pl\/s-r-projektowanie-dyplomowe-st-i\/\" class=\"wp-image-1215\"\/><\/a><\/figure><\/li><li class=\"blocks-gallery-item\"><figure><a href=\"http:\/\/a2.arch.pk.edu.pl\/s-r-projektowanie-dyplomowe-st-ii\/\"><img loading=\"lazy\" decoding=\"async\" width=\"1417\" height=\"413\" src=\"http:\/\/a2.arch.pk.edu.pl\/wp-content\/uploads\/2021\/04\/brak-zdjecia-small.png\" alt=\"\" data-id=\"1215\" data-full-url=\"http:\/\/a2.arch.pk.edu.pl\/wp-content\/uploads\/2021\/04\/brak-zdjecia-small.png\" data-link=\"http:\/\/a2.arch.pk.edu.pl\/s-r-projektowanie-dyplomowe-st-ii\/\" class=\"wp-image-1215\"\/><\/a><\/figure><\/li><\/ul><\/figure>\n\n\n\n<p><font size=\"2\"><strong>PRACE DYPLOMOWE STUDENCKIE OPRACOWANE W ZESPOLE SPORT I REKREACJA<\/strong><\/font><br><a href=\"http:\/\/a2.arch.pk.edu.pl\/s-r-projektowanie-dyplomowe-st-i\/\">s.r.&nbsp;&nbsp;&nbsp;Projektowanie&nbsp;dyplomowe&nbsp;ST.I&nbsp;&#8211;&nbsp;In\u017cynierskie<\/a>&nbsp;&nbsp; \/&nbsp;&nbsp; <a href=\"http:\/\/a2.arch.pk.edu.pl\/s-r-projektowanie-dyplomowe-st-ii\/\">s.r.&nbsp;&nbsp;&nbsp;Projektowanie&nbsp;dyplomowe&nbsp;ST.II&nbsp;&#8211;&nbsp;Magisterskie<\/a><\/p>\n\n\n\n<p>&nbsp;<\/p>\n\n\n\n<p>&nbsp;<\/p>\n\n\n\n<div class=\"wp-block-columns is-layout-flex wp-container-core-columns-is-layout-1 wp-block-columns-is-layout-flex\">\n<div class=\"wp-block-column is-vertically-aligned-center is-layout-flow wp-block-column-is-layout-flow\">\n<figure class=\"wp-block-image size-large is-resized\"><a href=\"http:\/\/a2.arch.pk.edu.pl\/u-p-projektowanie-dyplomowe-st-ii\/\"><img loading=\"lazy\" decoding=\"async\" src=\"http:\/\/a2.arch.pk.edu.pl\/wp-content\/uploads\/2021\/04\/2019_20_up_st2dyp_pro001_michalak_003_2400x350.jpg\" alt=\"\" class=\"wp-image-1339\" width=\"840\" height=\"122\"\/><\/a><\/figure>\n\n\n\n<p><font size=\"2\"><strong>PRACE DYPLOMOWE STUDENCKIE OPRACOWANE W ZESPOLE U\u017bYTECZNO\u015a\u0106 PUBLICZNA<\/strong><\/font><br><a href=\"http:\/\/a2.arch.pk.edu.pl\/u-p-projektowanie-dyplomowe-st-i\/\">u.p.&nbsp;&nbsp;&nbsp;Projektowanie&nbsp;dyplomowe&nbsp;ST.I&nbsp;&#8211;&nbsp;In\u017cynierskie<\/a>&nbsp;&nbsp; \/&nbsp;&nbsp; <a href=\"http:\/\/a2.arch.pk.edu.pl\/u-p-projektowanie-dyplomowe-st-ii\/\">u.p.&nbsp;&nbsp;&nbsp;Projektowanie&nbsp;dyplomowe&nbsp;ST.II&nbsp;&#8211;&nbsp;Magisterskie<\/a><\/p>\n<\/div>\n<\/div>\n\n\n\n<p>&nbsp;<\/p>\n\n\n\n<p>&nbsp;<\/p>\n\n\n\n<figure class=\"wp-block-gallery aligncenter columns-2 is-cropped wp-block-gallery-2 is-layout-flex wp-block-gallery-is-layout-flex\"><ul class=\"blocks-gallery-grid\"><li class=\"blocks-gallery-item\"><figure><a href=\"http:\/\/a2.arch.pk.edu.pl\/w-r-projektowanie-dyplomowe-st-i\/\"><img decoding=\"async\" src=\"http:\/\/a2.arch.pk.edu.pl\/wp-content\/uploads\/2021\/10\/2020_21_wr_st1dyp_pro001_lysejko_000_1200x350.jpg\" alt=\"\" data-id=\"6167\" data-full-url=\"http:\/\/a2.arch.pk.edu.pl\/wp-content\/uploads\/2021\/10\/2020_21_wr_st1dyp_pro001_lysejko_000_1200x350.jpg\" data-link=\"http:\/\/a2.arch.pk.edu.pl\/w-r-projektowanie-dyplomowe-st-i\/\" class=\"wp-image-6167\"\/><\/a><\/figure><\/li><li class=\"blocks-gallery-item\"><figure><a href=\"http:\/\/a2.arch.pk.edu.pl\/w-r-projektowanie-dyplomowe-st-ii\/\"><img loading=\"lazy\" decoding=\"async\" width=\"1417\" height=\"413\" src=\"http:\/\/a2.arch.pk.edu.pl\/wp-content\/uploads\/2021\/04\/brak-zdjecia-small.png\" alt=\"\" data-id=\"1215\" data-full-url=\"http:\/\/a2.arch.pk.edu.pl\/wp-content\/uploads\/2021\/04\/brak-zdjecia-small.png\" data-link=\"http:\/\/a2.arch.pk.edu.pl\/w-r-projektowanie-dyplomowe-st-ii\/\" class=\"wp-image-1215\"\/><\/a><\/figure><\/li><\/ul><\/figure>\n\n\n\n<p><font size=\"2\"><strong>PRACE DYPLOMOWE STUDENCKIE OPRACOWANE W ZESPOLE WSP\u00d3\u0141CZESNY REGIONALIZM<\/strong><\/font><br><a href=\"http:\/\/a2.arch.pk.edu.pl\/w-r-projektowanie-dyplomowe-st-i\/\">w.r.&nbsp;&nbsp;&nbsp;Projektowanie&nbsp;dyplomowe&nbsp;ST.I&nbsp;&#8211;&nbsp;In\u017cynierskie<\/a>&nbsp;&nbsp; \/&nbsp;&nbsp; <a href=\"http:\/\/a2.arch.pk.edu.pl\/w-r-projektowanie-dyplomowe-st-ii\/\">w.r.&nbsp;&nbsp;&nbsp;Projektowanie&nbsp;dyplomowe&nbsp;ST.II&nbsp;&#8211;&nbsp;Magisterskie<\/a><\/p>\n","protected":false},"excerpt":{"rendered":"<p>Zapraszamy na Projektowanie Dyplomowe pierwszego oraz drugiego Stopnia Dalsze informacje na stronie: www.arch.pk.edu.pl &nbsp; PRACE DYPLOMOWE STUDENCKIE OPRACOWANE W ZESPOLE ARCHITEKTURA PRZEMYS\u0141OWAa.p.&nbsp;&nbsp;&nbsp;Projektowanie&nbsp;dyplomowe&nbsp;ST.I&nbsp;&#8211;&nbsp;In\u017cynierskie&nbsp;&nbsp; \/&nbsp;&nbsp; a.p.&nbsp;&nbsp;&nbsp;Projektowanie&nbsp;dyplomowe&nbsp;ST.II&nbsp;&#8211;&nbsp;Magisterskie &nbsp;&hellip;<\/p>\n","protected":false},"author":2,"featured_media":0,"parent":0,"menu_order":0,"comment_status":"closed","ping_status":"closed","template":"","meta":{"footnotes":""},"class_list":["post-896","page","type-page","status-publish","hentry"],"_links":{"self":[{"href":"http:\/\/a2.arch.pk.edu.pl\/en\/wp-json\/wp\/v2\/pages\/896","targetHints":{"allow":["GET"]}}],"collection":[{"href":"http:\/\/a2.arch.pk.edu.pl\/en\/wp-json\/wp\/v2\/pages"}],"about":[{"href":"http:\/\/a2.arch.pk.edu.pl\/en\/wp-json\/wp\/v2\/types\/page"}],"author":[{"embeddable":true,"href":"http:\/\/a2.arch.pk.edu.pl\/en\/wp-json\/wp\/v2\/users\/2"}],"replies":[{"embeddable":true,"href":"http:\/\/a2.arch.pk.edu.pl\/en\/wp-json\/wp\/v2\/comments?post=896"}],"version-history":[{"count":171,"href":"http:\/\/a2.arch.pk.edu.pl\/en\/wp-json\/wp\/v2\/pages\/896\/revisions"}],"predecessor-version":[{"id":6255,"href":"http:\/\/a2.arch.pk.edu.pl\/en\/wp-json\/wp\/v2\/pages\/896\/revisions\/6255"}],"wp:attachment":[{"href":"http:\/\/a2.arch.pk.edu.pl\/en\/wp-json\/wp\/v2\/media?parent=896"}],"curies":[{"name":"wp","href":"https:\/\/api.w.org\/{rel}","templated":true}]}}